{"id":416,"date":"2025-11-25T17:30:10","date_gmt":"2025-11-25T17:30:10","guid":{"rendered":"https:\/\/www.13icg-montreal.org\/?page_id=416"},"modified":"2025-12-03T21:11:32","modified_gmt":"2025-12-03T21:11:32","slug":"inscription-2","status":"publish","type":"page","link":"https:\/\/www.13icg-montreal.org\/fr\/inscription-2\/","title":{"rendered":"Conditions g\u00e9n\u00e9rales d&rsquo;utilisation"},"content":{"rendered":"\t\t<div data-elementor-type=\"wp-page\" data-elementor-id=\"416\" class=\"elementor elementor-416 elementor-415\" data-elementor-post-type=\"page\">\n\t\t\t\t\t\t<section class=\"elementor-section elementor-top-section elementor-element elementor-element-7a1c0ca elementor-section-height-min-height elementor-section-items-bottom elementor-section-boxed elementor-section-height-default\" data-id=\"7a1c0ca\" data-element_type=\"section\" data-e-type=\"section\" data-settings=\"{&quot;background_background&quot;:&quot;classic&quot;}\">\n\t\t\t\t\t\t<div class=\"elementor-container elementor-column-gap-default\">\n\t\t\t\t\t<div class=\"elementor-column elementor-col-100 elementor-top-column elementor-element elementor-element-512601c\" data-id=\"512601c\" data-element_type=\"column\" data-e-type=\"column\">\n\t\t\t<div class=\"elementor-widget-wrap elementor-element-populated\">\n\t\t\t\t\t\t\t<\/div>\n\t\t<\/div>\n\t\t\t\t\t<\/div>\n\t\t<\/section>\n\t\t\t\t<section class=\"elementor-section elementor-top-section elementor-element elementor-element-3a11d02 elementor-section-boxed elementor-section-height-default elementor-section-height-default\" data-id=\"3a11d02\" data-element_type=\"section\" data-e-type=\"section\">\n\t\t\t\t\t\t<div class=\"elementor-container elementor-column-gap-default\">\n\t\t\t\t\t<div class=\"elementor-column elementor-col-66 elementor-top-column elementor-element elementor-element-5d32555\" data-id=\"5d32555\" data-element_type=\"column\" data-e-type=\"column\">\n\t\t\t<div class=\"elementor-widget-wrap elementor-element-populated\">\n\t\t\t\t\t\t<div class=\"elementor-element elementor-element-d4de0fc elementor-widget elementor-widget-heading\" data-id=\"d4de0fc\" data-element_type=\"widget\" data-e-type=\"widget\" data-widget_type=\"heading.default\">\n\t\t\t\t<div class=\"elementor-widget-container\">\n\t\t\t\t\t<h2 class=\"elementor-heading-title elementor-size-default\">Conditions de paiement et de remboursement<\/h2>\t\t\t\t<\/div>\n\t\t\t\t<\/div>\n\t\t\t\t<div class=\"elementor-element elementor-element-a2f714e elementor-widget elementor-widget-text-editor\" data-id=\"a2f714e\" data-element_type=\"widget\" data-e-type=\"widget\" data-widget_type=\"text-editor.default\">\n\t\t\t\t<div class=\"elementor-widget-container\">\n\t\t\t\t\t\t\t\t\t<h2><span style=\"letter-spacing: var(--the7-h3-letter-spacing); text-transform: var(--the7-h3-text-transform); word-spacing: var(--the7-h3-word-spacing); text-decoration: var(--the7-h3-text-decoration);\">Kiosques d&rsquo;exposition et parrainages<\/span><\/h2><ol><li>Certains stands sont r\u00e9serv\u00e9s exclusivement aux sponsors. Le parrainage est attribu\u00e9 selon le principe du premier arriv\u00e9, premier servi. <\/li><li>Les soci\u00e9t\u00e9s sponsors et exposantes ne peuvent exercer aucune activit\u00e9 qui interf\u00e8re avec le protocole scientifique et social de la conf\u00e9rence. Toute interf\u00e9rence avec les protocoles scientifiques et sociaux de la conf\u00e9rence peut entra\u00eener la suppression des avantages sans remboursement. <\/li><li>Toutes les banni\u00e8res et tous les logos autoris\u00e9s par la conf\u00e9rence doivent \u00eatre conformes aux exigences de taille, de r\u00e9solution et d&#8217;emplacement d\u00e9finies par la conf\u00e9rence. Lorsque du mat\u00e9riel visuel est demand\u00e9 par la conf\u00e9rence, si ce mat\u00e9riel n&rsquo;est pas fourni aux organisateurs sur demande, les sponsors renonceront \u00e0 leur possibilit\u00e9 d&rsquo;\u00eatre repr\u00e9sent\u00e9s dans les m\u00e9dias imprim\u00e9s ou num\u00e9riques. Le sponsor ou l&rsquo;entreprise exposante qui ne fournit pas le mat\u00e9riel demand\u00e9 par les organisateurs de la conf\u00e9rence le fait \u00e0 ses risques et p\u00e9rils. Aucun remboursement ne sera accord\u00e9 aux sponsors qui ne r\u00e9pondent pas aux demandes des organisateurs de la conf\u00e9rence.   <\/li><li>La conf\u00e9rence n&rsquo;est en aucun cas responsable de la proc\u00e9dure d&rsquo;approbation des visas par le gouvernement du Canada. Si une entreprise exposante, sponsor ou participante se voit refuser l&rsquo;entr\u00e9e ou ne re\u00e7oit pas de visa d&rsquo;entr\u00e9e \u00e0 temps, aucun remboursement ne sera effectu\u00e9. Toutes les entreprises sont enti\u00e8rement responsables de leur propre proc\u00e9dure de demande de visa.  <\/li><\/ol><p><strong>CONDITIONS DE PAIEMENT ET POLITIQUE D&rsquo;ANNULATION<\/strong><\/p><ul><li>Les entreprises doivent payer 50 % de la valeur totale de l&rsquo;investissement dans les 30 jours calendaires suivant la r\u00e9ception de l&rsquo;accord et de la confirmation sur<br>. En cas de non-respect de cette obligation, la revente du\/des stand(s) ou du parrainage ne sera pas autoris\u00e9e. <ul><li>En cas d&rsquo;annulation par l&rsquo;exposant :<br>&#8211; Avant le 31 d\u00e9cembre 2025, 50 % du paiement total re\u00e7u sera rembours\u00e9.<\/li><li>1 &#8211; 31 janvier 2025,<br>25% du paiement total re\u00e7u sera rembours\u00e9<\/li><li>APR\u00c8S LE 31 JANVIER 2025,<br>PAS DE REMBOURSEMENT<\/li><\/ul><\/li><\/ul><p>L&rsquo;annulation d&rsquo;un parrainage ou d&rsquo;une exposition doit \u00eatre notifi\u00e9e par \u00e9crit au secr\u00e9taire g\u00e9n\u00e9ral par courrier \u00e9lectronique : <a href=\"mailto:sales@13icg-montreal.org\">sales@13icg-montreal.org<\/a><\/p><h2>Inscriptions, cours de courte dur\u00e9e, \u00e9v\u00e9nements sociaux<\/h2><ul><li>Les cartes de cr\u00e9dit et les virements bancaires sont des modes de paiement accept\u00e9s.<\/li><li>Les virements bancaires doivent \u00eatre pay\u00e9s dans les 20 jours suivant l&rsquo;acquisition des billets. La conf\u00e9rence se r\u00e9serve le droit d&rsquo;annuler les r\u00e9servations si les paiements ne sont pas effectu\u00e9s dans les d\u00e9lais. <\/li><li>Les virements bancaires ne seront plus accept\u00e9s apr\u00e8s le 15 septembre 2025.<\/li><li>Toute annulation d&rsquo;inscription doit \u00eatre envoy\u00e9e par \u00e9crit au secr\u00e9taire g\u00e9n\u00e9ral de GeoAmericas 2024, \u00e0 l&rsquo;<a href=\"mailto:general@13icg-montreal.org\">adresse suivante : general@13icg-montreal.org<\/a>.<\/li><li>Tous les remboursements seront effectu\u00e9s apr\u00e8s l&rsquo;\u00e9v\u00e9nement.<\/li><li>Tous les frais bancaires et administratifs support\u00e9s par Minerva ou IGS North America au nom de la conf\u00e9rence seront d\u00e9duits des remboursements.<\/li><li>Tous les articles, r\u00e9sum\u00e9s d\u00e9taill\u00e9s et posters accept\u00e9s doivent avoir un pr\u00e9sentateur inscrit avant le 13 mai 2026. Si un pr\u00e9sentateur n&rsquo;est pas inscrit avant cette date, la contribution pourrait \u00eatre retir\u00e9e du programme et des actes. Aucune communication ne sera incluse dans les actes sans la pr\u00e9sence d&rsquo;un pr\u00e9sentateur \u00e0 la conf\u00e9rence de Montr\u00e9al.  <\/li><li>Aucun remboursement ne sera accord\u00e9 aux auteurs qui annulent leur travail apr\u00e8s qu&rsquo;il a \u00e9t\u00e9 accept\u00e9 et inclus dans une publication officielle de la conf\u00e9rence.<\/li><\/ul><p>En cas d&rsquo;annulation de l&rsquo;inscription :<\/p><ul><li>Avant le 13 mai 2026 &#8211; 70% du paiement total sera rembours\u00e9<\/li><li>14 mai &#8211; 20 juillet 2026 &#8211; 50% du paiement total sera rembours\u00e9<\/li><li>\u00c0 partir du 21 juillet 2026 &#8211; PAS DE REMBOURSEMENT<\/li><\/ul>\t\t\t\t\t\t\t\t<\/div>\n\t\t\t\t<\/div>\n\t\t\t\t\t<\/div>\n\t\t<\/div>\n\t\t\t\t<div class=\"elementor-column elementor-col-33 elementor-top-column elementor-element elementor-element-7ca044d\" data-id=\"7ca044d\" data-element_type=\"column\" data-e-type=\"column\">\n\t\t\t<div class=\"elementor-widget-wrap elementor-element-populated\">\n\t\t\t\t\t\t<div class=\"elementor-element elementor-element-6c76b9a elementor-widget elementor-widget-heading\" data-id=\"6c76b9a\" data-element_type=\"widget\" data-e-type=\"widget\" data-widget_type=\"heading.default\">\n\t\t\t\t<div class=\"elementor-widget-container\">\n\t\t\t\t\t<h2 class=\"elementor-heading-title elementor-size-default\">TAUX<\/h2>\t\t\t\t<\/div>\n\t\t\t\t<\/div>\n\t\t\t\t<div class=\"elementor-element elementor-element-99376c2 elementor-align-center elementor-widget elementor-widget-button\" data-id=\"99376c2\" data-element_type=\"widget\" data-e-type=\"widget\" data-widget_type=\"button.default\">\n\t\t\t\t<div class=\"elementor-widget-container\">\n\t\t\t\t\t\t\t\t\t<div class=\"elementor-button-wrapper\">\n\t\t\t\t\t<a class=\"elementor-button elementor-button-link elementor-size-sm\" href=\"https:\/\/www.xcdsystem.com\/icg\">\n\t\t\t\t\t\t<span class=\"elementor-button-content-wrapper\">\n\t\t\t\t\t\t\t\t\t<span class=\"elementor-button-text\">INSCRIVEZ-VOUS MAINTENANT<\/span>\n\t\t\t\t\t<\/span>\n\t\t\t\t\t<\/a>\n\t\t\t\t<\/div>\n\t\t\t\t\t\t\t\t<\/div>\n\t\t\t\t<\/div>\n\t\t\t\t<div class=\"elementor-element elementor-element-2f3f575 elementor-widget elementor-widget-text-editor\" data-id=\"2f3f575\" data-element_type=\"widget\" data-e-type=\"widget\" data-widget_type=\"text-editor.default\">\n\t\t\t\t<div class=\"elementor-widget-container\">\n\t\t\t\t\t\t\t\t\t<h4>CONF\u00c9RENCE COMPL\u00c8TE &#8211; TOUS LES JOURS<\/h4>\n<p><strong>Membres de l&rsquo;IGS dans les pays \u00e0 hauts revenus<\/strong>:<br>USD $895.00<\/p>\n<p><strong>Membres de l&rsquo;IGS dans les pays \u00e0 revenus non \u00e9lev\u00e9s*<\/strong>:<br>USD $720.00 &#8212; <a href=\"https:\/\/www.13icg-montreal.org\/fr\/appel-a-resumes-2\/\">VOIR FAQS<\/a><\/p>\n<p><strong>Non-membres<\/strong>:<br>USD $1120.00<\/p>\n<h4>HALL D&rsquo;EXPOSITION UNIQUEMENT<\/h4>\n<p><strong>Tous les jours de salon (<\/strong><b>du 13 au 17 septembre 2026)<\/b>:<br>USD $350.00<\/p>\n<p><b>Pass d&rsquo;une journ\u00e9e pour le salon professionnel :<\/b><br>USD $90.00<\/p>\n<h4>BILLETS DE GALA &#8211; 16 septembre 2026<\/h4>\n<p><em>USD $150.00 &#8212; Limit\u00e9 \u00e0 300 participants. Des tables d&rsquo;entreprise seront propos\u00e9es. Certains billets de gala sont inclus dans certaines formules de parrainage.  <\/em><\/p>\n<p><em>* Pays \u00e0 revenu non \u00e9lev\u00e9 selon la d\u00e9finition de la Banque mondiale.  &nbsp;<\/em><\/p>\t\t\t\t\t\t\t\t<\/div>\n\t\t\t\t<\/div>\n\t\t\t\t\t<\/div>\n\t\t<\/div>\n\t\t\t\t\t<\/div>\n\t\t<\/section>\n\t\t\t\t<\/div>\n\t\t","protected":false},"excerpt":{"rendered":"<p>Conditions de paiement et de remboursement Kiosques d&rsquo;exposition et parrainages Certains stands sont r\u00e9serv\u00e9s exclusivement aux sponsors. Le parrainage est attribu\u00e9 selon le principe du premier arriv\u00e9, premier servi. Les soci\u00e9t\u00e9s sponsors et exposantes ne peuvent exercer aucune activit\u00e9 qui interf\u00e8re avec le protocole scientifique et social de la conf\u00e9rence. Toute interf\u00e9rence avec les protocoles&hellip;<\/p>\n","protected":false},"author":2,"featured_media":0,"parent":0,"menu_order":0,"comment_status":"closed","ping_status":"closed","template":"elementor_header_footer","meta":{"footnotes":""},"class_list":["post-416","page","type-page","status-publish","hentry"],"yoast_head":"<!-- This site is optimized with the Yoast SEO plugin v27.4 - https:\/\/yoast.com\/product\/yoast-seo-wordpress\/ -->\n<title>Conditions g\u00e9n\u00e9rales d&#039;utilisation - 13ICG Montreal<\/title>\n<meta name=\"description\" content=\"La 13e Conf\u00e9rence internationale sur les g\u00e9osynth\u00e9tiques (13 ICG) se tiendra du 13 au 17 septembre 2026 \u00e0 Montr\u00e9al. Les inscriptions sont ouvertes \u00e0 partir du 15 octobre.\" \/>\n<meta name=\"robots\" content=\"index, follow, max-snippet:-1, max-image-preview:large, max-video-preview:-1\" \/>\n<link rel=\"canonical\" href=\"https:\/\/www.13icg-montreal.org\/fr\/inscription-2\/\" \/>\n<meta property=\"og:locale\" content=\"fr_FR\" \/>\n<meta property=\"og:type\" content=\"article\" \/>\n<meta property=\"og:title\" content=\"Conditions g\u00e9n\u00e9rales d&#039;utilisation - 13ICG Montreal\" \/>\n<meta property=\"og:description\" content=\"La 13e Conf\u00e9rence internationale sur les g\u00e9osynth\u00e9tiques (13 ICG) se tiendra du 13 au 17 septembre 2026 \u00e0 Montr\u00e9al. Les inscriptions sont ouvertes \u00e0 partir du 15 octobre.\" \/>\n<meta property=\"og:url\" content=\"https:\/\/www.13icg-montreal.org\/fr\/inscription-2\/\" \/>\n<meta property=\"og:site_name\" content=\"13ICG Montreal\" \/>\n<meta property=\"article:modified_time\" content=\"2025-12-03T21:11:32+00:00\" \/>\n<meta name=\"twitter:card\" content=\"summary_large_image\" \/>\n<meta name=\"twitter:label1\" content=\"Dur\u00e9e de lecture estim\u00e9e\" \/>\n\t<meta name=\"twitter:data1\" content=\"4 minutes\" \/>\n<script type=\"application\/ld+json\" class=\"yoast-schema-graph\">{\"@context\":\"https:\\\/\\\/schema.org\",\"@graph\":[{\"@type\":\"WebPage\",\"@id\":\"https:\\\/\\\/www.13icg-montreal.org\\\/fr\\\/inscription-2\\\/\",\"url\":\"https:\\\/\\\/www.13icg-montreal.org\\\/fr\\\/inscription-2\\\/\",\"name\":\"Conditions g\u00e9n\u00e9rales d'utilisation - 13ICG Montreal\",\"isPartOf\":{\"@id\":\"https:\\\/\\\/www.13icg-montreal.org\\\/fr\\\/#website\"},\"datePublished\":\"2025-11-25T17:30:10+00:00\",\"dateModified\":\"2025-12-03T21:11:32+00:00\",\"description\":\"La 13e Conf\u00e9rence internationale sur les g\u00e9osynth\u00e9tiques (13 ICG) se tiendra du 13 au 17 septembre 2026 \u00e0 Montr\u00e9al. Les inscriptions sont ouvertes \u00e0 partir du 15 octobre.\",\"breadcrumb\":{\"@id\":\"https:\\\/\\\/www.13icg-montreal.org\\\/fr\\\/inscription-2\\\/#breadcrumb\"},\"inLanguage\":\"fr-FR\",\"potentialAction\":[{\"@type\":\"ReadAction\",\"target\":[\"https:\\\/\\\/www.13icg-montreal.org\\\/fr\\\/inscription-2\\\/\"]}]},{\"@type\":\"BreadcrumbList\",\"@id\":\"https:\\\/\\\/www.13icg-montreal.org\\\/fr\\\/inscription-2\\\/#breadcrumb\",\"itemListElement\":[{\"@type\":\"ListItem\",\"position\":1,\"name\":\"Home\",\"item\":\"https:\\\/\\\/www.13icg-montreal.org\\\/fr\\\/?page_id=248\"},{\"@type\":\"ListItem\",\"position\":2,\"name\":\"Conditions g\u00e9n\u00e9rales d&#8217;utilisation\"}]},{\"@type\":\"WebSite\",\"@id\":\"https:\\\/\\\/www.13icg-montreal.org\\\/fr\\\/#website\",\"url\":\"https:\\\/\\\/www.13icg-montreal.org\\\/fr\\\/\",\"name\":\"13ICG Montreal\",\"description\":\"13th International Conference on Geosynthetics\",\"publisher\":{\"@id\":\"https:\\\/\\\/www.13icg-montreal.org\\\/fr\\\/#organization\"},\"potentialAction\":[{\"@type\":\"SearchAction\",\"target\":{\"@type\":\"EntryPoint\",\"urlTemplate\":\"https:\\\/\\\/www.13icg-montreal.org\\\/fr\\\/?s={search_term_string}\"},\"query-input\":{\"@type\":\"PropertyValueSpecification\",\"valueRequired\":true,\"valueName\":\"search_term_string\"}}],\"inLanguage\":\"fr-FR\"},{\"@type\":\"Organization\",\"@id\":\"https:\\\/\\\/www.13icg-montreal.org\\\/fr\\\/#organization\",\"name\":\"13ICG Montreal\",\"url\":\"https:\\\/\\\/www.13icg-montreal.org\\\/fr\\\/\",\"logo\":{\"@type\":\"ImageObject\",\"inLanguage\":\"fr-FR\",\"@id\":\"https:\\\/\\\/www.13icg-montreal.org\\\/fr\\\/#\\\/schema\\\/logo\\\/image\\\/\",\"url\":\"https:\\\/\\\/www.13icg-montreal.org\\\/wp-content\\\/uploads\\\/2024\\\/06\\\/13IGC-Montreal-Logo2.png\",\"contentUrl\":\"https:\\\/\\\/www.13icg-montreal.org\\\/wp-content\\\/uploads\\\/2024\\\/06\\\/13IGC-Montreal-Logo2.png\",\"width\":735,\"height\":712,\"caption\":\"13ICG Montreal\"},\"image\":{\"@id\":\"https:\\\/\\\/www.13icg-montreal.org\\\/fr\\\/#\\\/schema\\\/logo\\\/image\\\/\"}}]}<\/script>\n<!-- \/ Yoast SEO plugin. -->","yoast_head_json":{"title":"Conditions g\u00e9n\u00e9rales d'utilisation - 13ICG Montreal","description":"La 13e Conf\u00e9rence internationale sur les g\u00e9osynth\u00e9tiques (13 ICG) se tiendra du 13 au 17 septembre 2026 \u00e0 Montr\u00e9al. Les inscriptions sont ouvertes \u00e0 partir du 15 octobre.","robots":{"index":"index","follow":"follow","max-snippet":"max-snippet:-1","max-image-preview":"max-image-preview:large","max-video-preview":"max-video-preview:-1"},"canonical":"https:\/\/www.13icg-montreal.org\/fr\/inscription-2\/","og_locale":"fr_FR","og_type":"article","og_title":"Conditions g\u00e9n\u00e9rales d'utilisation - 13ICG Montreal","og_description":"La 13e Conf\u00e9rence internationale sur les g\u00e9osynth\u00e9tiques (13 ICG) se tiendra du 13 au 17 septembre 2026 \u00e0 Montr\u00e9al. Les inscriptions sont ouvertes \u00e0 partir du 15 octobre.","og_url":"https:\/\/www.13icg-montreal.org\/fr\/inscription-2\/","og_site_name":"13ICG Montreal","article_modified_time":"2025-12-03T21:11:32+00:00","twitter_card":"summary_large_image","twitter_misc":{"Dur\u00e9e de lecture estim\u00e9e":"4 minutes"},"schema":{"@context":"https:\/\/schema.org","@graph":[{"@type":"WebPage","@id":"https:\/\/www.13icg-montreal.org\/fr\/inscription-2\/","url":"https:\/\/www.13icg-montreal.org\/fr\/inscription-2\/","name":"Conditions g\u00e9n\u00e9rales d'utilisation - 13ICG Montreal","isPartOf":{"@id":"https:\/\/www.13icg-montreal.org\/fr\/#website"},"datePublished":"2025-11-25T17:30:10+00:00","dateModified":"2025-12-03T21:11:32+00:00","description":"La 13e Conf\u00e9rence internationale sur les g\u00e9osynth\u00e9tiques (13 ICG) se tiendra du 13 au 17 septembre 2026 \u00e0 Montr\u00e9al. Les inscriptions sont ouvertes \u00e0 partir du 15 octobre.","breadcrumb":{"@id":"https:\/\/www.13icg-montreal.org\/fr\/inscription-2\/#breadcrumb"},"inLanguage":"fr-FR","potentialAction":[{"@type":"ReadAction","target":["https:\/\/www.13icg-montreal.org\/fr\/inscription-2\/"]}]},{"@type":"BreadcrumbList","@id":"https:\/\/www.13icg-montreal.org\/fr\/inscription-2\/#breadcrumb","itemListElement":[{"@type":"ListItem","position":1,"name":"Home","item":"https:\/\/www.13icg-montreal.org\/fr\/?page_id=248"},{"@type":"ListItem","position":2,"name":"Conditions g\u00e9n\u00e9rales d&#8217;utilisation"}]},{"@type":"WebSite","@id":"https:\/\/www.13icg-montreal.org\/fr\/#website","url":"https:\/\/www.13icg-montreal.org\/fr\/","name":"13ICG Montreal","description":"13th International Conference on Geosynthetics","publisher":{"@id":"https:\/\/www.13icg-montreal.org\/fr\/#organization"},"potentialAction":[{"@type":"SearchAction","target":{"@type":"EntryPoint","urlTemplate":"https:\/\/www.13icg-montreal.org\/fr\/?s={search_term_string}"},"query-input":{"@type":"PropertyValueSpecification","valueRequired":true,"valueName":"search_term_string"}}],"inLanguage":"fr-FR"},{"@type":"Organization","@id":"https:\/\/www.13icg-montreal.org\/fr\/#organization","name":"13ICG Montreal","url":"https:\/\/www.13icg-montreal.org\/fr\/","logo":{"@type":"ImageObject","inLanguage":"fr-FR","@id":"https:\/\/www.13icg-montreal.org\/fr\/#\/schema\/logo\/image\/","url":"https:\/\/www.13icg-montreal.org\/wp-content\/uploads\/2024\/06\/13IGC-Montreal-Logo2.png","contentUrl":"https:\/\/www.13icg-montreal.org\/wp-content\/uploads\/2024\/06\/13IGC-Montreal-Logo2.png","width":735,"height":712,"caption":"13ICG Montreal"},"image":{"@id":"https:\/\/www.13icg-montreal.org\/fr\/#\/schema\/logo\/image\/"}}]}},"featured_image_src":null,"featured_image_src_square":null,"_links":{"self":[{"href":"https:\/\/www.13icg-montreal.org\/fr\/wp-json\/wp\/v2\/pages\/416","targetHints":{"allow":["GET"]}}],"collection":[{"href":"https:\/\/www.13icg-montreal.org\/fr\/wp-json\/wp\/v2\/pages"}],"about":[{"href":"https:\/\/www.13icg-montreal.org\/fr\/wp-json\/wp\/v2\/types\/page"}],"author":[{"embeddable":true,"href":"https:\/\/www.13icg-montreal.org\/fr\/wp-json\/wp\/v2\/users\/2"}],"replies":[{"embeddable":true,"href":"https:\/\/www.13icg-montreal.org\/fr\/wp-json\/wp\/v2\/comments?post=416"}],"version-history":[{"count":0,"href":"https:\/\/www.13icg-montreal.org\/fr\/wp-json\/wp\/v2\/pages\/416\/revisions"}],"wp:attachment":[{"href":"https:\/\/www.13icg-montreal.org\/fr\/wp-json\/wp\/v2\/media?parent=416"}],"curies":[{"name":"wp","href":"https:\/\/api.w.org\/{rel}","templated":true}]}}