{"id":378,"date":"2025-10-07T17:14:49","date_gmt":"2025-10-07T17:14:49","guid":{"rendered":"https:\/\/www.13icg-montreal.org\/?page_id=378"},"modified":"2025-12-03T21:11:32","modified_gmt":"2025-12-03T21:11:32","slug":"appel-a-resumes-2","status":"publish","type":"page","link":"https:\/\/www.13icg-montreal.org\/fr\/appel-a-resumes-2\/","title":{"rendered":"Inscription"},"content":{"rendered":"\t\t<div data-elementor-type=\"wp-page\" data-elementor-id=\"378\" class=\"elementor elementor-378 elementor-377\" data-elementor-post-type=\"page\">\n\t\t\t\t\t\t<section class=\"elementor-section elementor-top-section elementor-element elementor-element-7a1c0ca elementor-section-height-min-height elementor-section-items-bottom elementor-section-boxed elementor-section-height-default\" data-id=\"7a1c0ca\" data-element_type=\"section\" data-e-type=\"section\" data-settings=\"{&quot;background_background&quot;:&quot;classic&quot;}\">\n\t\t\t\t\t\t<div class=\"elementor-container elementor-column-gap-default\">\n\t\t\t\t\t<div class=\"elementor-column elementor-col-100 elementor-top-column elementor-element elementor-element-512601c\" data-id=\"512601c\" data-element_type=\"column\" data-e-type=\"column\">\n\t\t\t<div class=\"elementor-widget-wrap elementor-element-populated\">\n\t\t\t\t\t\t\t<\/div>\n\t\t<\/div>\n\t\t\t\t\t<\/div>\n\t\t<\/section>\n\t\t\t\t<section class=\"elementor-section elementor-top-section elementor-element elementor-element-3a11d02 elementor-section-boxed elementor-section-height-default elementor-section-height-default\" data-id=\"3a11d02\" data-element_type=\"section\" data-e-type=\"section\">\n\t\t\t\t\t\t<div class=\"elementor-container elementor-column-gap-default\">\n\t\t\t\t\t<div class=\"elementor-column elementor-col-66 elementor-top-column elementor-element elementor-element-5d32555\" data-id=\"5d32555\" data-element_type=\"column\" data-e-type=\"column\">\n\t\t\t<div class=\"elementor-widget-wrap elementor-element-populated\">\n\t\t\t\t\t\t<div class=\"elementor-element elementor-element-d4de0fc elementor-widget elementor-widget-heading\" data-id=\"d4de0fc\" data-element_type=\"widget\" data-e-type=\"widget\" data-widget_type=\"heading.default\">\n\t\t\t\t<div class=\"elementor-widget-container\">\n\t\t\t\t\t<h2 class=\"elementor-heading-title elementor-size-default\">Informations g\u00e9n\u00e9rales sur l'inscription<\/h2>\t\t\t\t<\/div>\n\t\t\t\t<\/div>\n\t\t\t\t<div class=\"elementor-element elementor-element-a2f714e elementor-widget elementor-widget-text-editor\" data-id=\"a2f714e\" data-element_type=\"widget\" data-e-type=\"widget\" data-widget_type=\"text-editor.default\">\n\t\t\t\t<div class=\"elementor-widget-container\">\n\t\t\t\t\t\t\t\t\t<p><a href=\"https:\/\/www.xcdsystem.com\/icg\">https:\/\/www.xcdsystem.com\/icg<\/a><em>** Lettres d&rsquo;invitation pour les demandes de visa de voyage maintenant disponibles ! Contactez general@13icg-montreal.org.  **<\/em><\/p><p>La <strong>13e conf\u00e9rence internationale sur les g\u00e9osynth\u00e9tiques (13 ICG<\/strong> ) r\u00e9unira plus de 1 000 ing\u00e9nieurs civils, chercheurs, r\u00e9gulateurs, fabricants de mat\u00e9riaux et experts en d\u00e9veloppement durable et en changement climatique pour des journ\u00e9es d&rsquo;\u00e9changes techniques, de partage des meilleures pratiques et de d\u00e9veloppement commercial autour des mat\u00e9riaux g\u00e9osynth\u00e9tiques dans les domaines du d\u00e9veloppement durable, des infrastructures de transport, de la r\u00e9ponse au changement climatique, de l&rsquo;exploitation mini\u00e8re, de l&rsquo;\u00e9nergie, de la protection de l&rsquo;environnement, et bien plus encore.<\/p><p><em><b>Les membres de l&rsquo;International Geosynthetics Society (IGS) \u00e9conomisent 20% sur les inscriptions compl\u00e8tes<\/b> \u00e0 13 ICG. Vous n&rsquo;\u00eates pas membre de l&rsquo;IGS ? Vous devez renouveler votre adh\u00e9sion ? <a href=\"https:\/\/web.archive.org\/web\/20240917021333\/https:\/\/www.geosyntheticssociety.org\/memberships\/\"><strong>Rejoignez un chapitre avant de vous inscrire<\/strong><\/a> et \u00e9conomisez plus que le co\u00fbt de l&rsquo;adh\u00e9sion !  <\/em><\/p><p style=\"text-align: center;\"><b><br><\/b><span style=\"color: #0000ff;\"><strong><a style=\"color: #0000ff;\" href=\"https:\/\/www.xcdsystem.com\/icg\">L&rsquo;INSCRIPTION EST OUVERTE<\/a><\/strong><\/span><\/p><h3><br>Foire aux questions (FAQ)<\/h3><p><strong>Je suis un auteur\/pr\u00e9sentateur. Ai-je une date limite d&rsquo;inscription ? <\/strong><\/p><p style=\"padding-left: 40px;\">Toutes les contributions techniques invit\u00e9es doivent avoir au moins un inscrit \u00e0 part enti\u00e8re avant le <b>13 mai 2026<\/b> pour \u00eatre incluses dans le programme (y compris les actes \u00e9valu\u00e9s par les pairs, pour les contributions accept\u00e9es). Cela vaut pour toutes les pr\u00e9sentations li\u00e9es aux articles, aux r\u00e9sum\u00e9s d\u00e9taill\u00e9s et aux affiches.   <\/p><p><strong>Je suis un exposant. Ai-je une date limite d&rsquo;inscription ? <\/strong><\/p><p style=\"padding-left: 40px;\">Tous les exposants doivent avoir au moins un membre de l&rsquo;\u00e9quipe inscrit en tant que repr\u00e9sentant avant le <b>13 mai 2026<\/b>. Veuillez utiliser le portail des exposants pour ajouter vos propres membres d&rsquo;\u00e9quipe. <\/p><p><strong>J&rsquo;ai besoin d&rsquo;un visa pour participer. Des lettres d&rsquo;invitation seront-elles disponibles ? <\/strong><\/p><p style=\"padding-left: 40px;\">OUI. Les lettres d&rsquo;invitation seront disponibles \u00e0 l&rsquo;ouverture des inscriptions le 15 octobre 2025. La conf\u00e9rence ne peut pas envoyer ces invitations tant que le gouvernement du Canada n&rsquo;a pas d\u00e9livr\u00e9 le code officiel de l&rsquo;\u00e9v\u00e9nement, car ce code doit \u00eatre mentionn\u00e9 dans les demandes de visa et inclus dans la lettre. Veuillez consulter la <a href=\"https:\/\/www.13icg-montreal.org\/fr\/pourquoi-montreal-2\/\"><strong>Page d&rsquo;information sur les visas<\/strong><\/a>.   <\/p><p><strong>Que comprend mon inscription compl\u00e8te \u00e0 la 13e conf\u00e9rence du GIC ?<\/strong><\/p><p style=\"padding-left: 40px;\">L&rsquo;inscription compl\u00e8te \u00e0 la conf\u00e9rence (tous les jours) comprend l&rsquo;acc\u00e8s \u00e0 toutes les pl\u00e9ni\u00e8res, \u00e0 toutes les sessions ouvertes, au d\u00e9jeuner dans le hall d&rsquo;exposition et aux r\u00e9ceptions officielles de la conf\u00e9rence.<\/p><p style=\"padding-left: 40px;\">Les personnes qui s&rsquo;inscrivent pour une journ\u00e9e compl\u00e8te \u00e0 la conf\u00e9rence auront acc\u00e8s \u00e0 toutes les pl\u00e9ni\u00e8res officielles, aux sessions ouvertes, au d\u00e9jeuner du hall d&rsquo;exposition et aux r\u00e9ceptions officielles le jour de l&rsquo;inscription.  <\/p><p><strong>Que comprend mon inscription \u00e0 la 13e \u00e9dition de l&rsquo;ICG dans le hall d&rsquo;exposition uniquement ?<\/strong><\/p><p style=\"padding-left: 40px;\">Acc\u00e8s au salon pendant toutes les heures d&rsquo;ouverture, au d\u00e9jeuner et \u00e0 toute r\u00e9ception officielle du hall d&rsquo;exposition le jour du laissez-passer d&rsquo;une journ\u00e9e ou tous les jours pour les inscriptions au hall d&rsquo;exposition uniquement &#8211; tous les jours.<\/p><p><strong>Pourquoi les participants \u00e0 la conf\u00e9rence compl\u00e8te qui ne sont pas membres de l&rsquo;IGS paient-ils plus que les membres de l&rsquo;IGS ?<\/strong><\/p><p style=\"padding-left: 40px;\"><span style=\"font-family: var( --e-global-typography-text-font-family ), Sans-serif;\"><span style=\"letter-spacing: var(--the7-base-letter-spacing); text-transform: var(--the7-base-text-transform); word-spacing: normal;\">Les lignes directrices de la Soci\u00e9t\u00e9 internationale des g\u00e9osynth\u00e9tiques (IGS) en mati\u00e8re d&rsquo;\u00e9v\u00e9nements stipulent que les membres actifs b\u00e9n\u00e9ficient d&rsquo;une r\u00e9duction d&rsquo;au moins 20 % sur ces inscriptions. Cela vaut \u00e9galement pour les membres corporatifs de l&rsquo;IGS en tant qu&rsquo;exposants (par rapport au tarif g\u00e9n\u00e9ral du march\u00e9). <\/span><\/span><\/p><p><strong>J&rsquo;ai adh\u00e9r\u00e9 \u00e0 l&rsquo;IGS <i>apr\u00e8s m<\/i> &lsquo;\u00eatre inscrit \u00e0 la conf\u00e9rence. Puis-je me faire rembourser la diff\u00e9rence ? <\/strong><\/p><p style=\"padding-left: 40px;\">La conf\u00e9rence ne peut pas rembourser les d\u00e9cisions d&rsquo;adh\u00e9sion ult\u00e9rieures. Veuillez consulter les conditions d&rsquo;annulation ci-dessous.   <\/p><p><strong>La conf\u00e9rence sera-t-elle diffus\u00e9e en ligne pour un acc\u00e8s num\u00e9rique en direct ou enregistr\u00e9e pour des pr\u00e9sentations en ligne diff\u00e9r\u00e9es ?  <\/strong><\/p><p style=\"padding-left: 40px;\">13 Le GIC est con\u00e7u comme une conf\u00e9rence et un salon en personne. Les organisateurs ne pr\u00e9voient pas actuellement de format hybride ou d&rsquo;acc\u00e8s \u00e0 distance, mais ils se r\u00e9servent le droit d&rsquo;ajouter une version modifi\u00e9e de l&rsquo;acc\u00e8s en ligne, que ce soit en direct ou \u00e0 la demande. Si des options d&rsquo;acc\u00e8s suppl\u00e9mentaires sont ajout\u00e9es, la conf\u00e9rence ne sera pas en mesure de fournir des remboursements pour tout niveau d&rsquo;inscription d\u00e9velopp\u00e9 ult\u00e9rieurement qui pourrait \u00eatre inf\u00e9rieur \u00e0 une inscription pr\u00e9c\u00e9demment achet\u00e9e pour la conf\u00e9rence en personne. Dans l&rsquo;\u00e9ventualit\u00e9 d&rsquo;une situation mondiale n\u00e9cessitant l&rsquo;annulation de la conf\u00e9rence en personne, une option d&rsquo;acc\u00e8s \u00e0 distance sera mise \u00e0 disposition pour assurer la tenue de la conf\u00e9rence.   <\/p><p><strong>Les exposants et les sponsors ont-ils acc\u00e8s \u00e0 des inscriptions \u00e0 tarif r\u00e9duit ?  <\/strong><\/p><p style=\"padding-left: 40px;\">Oui. Les exposants et les sponsors peuvent acheter des inscriptions compl\u00e8tes \u00e0 la conf\u00e9rence (tous les jours) au prix de 600,00 USD et au hall d&rsquo;exposition uniquement (tous les jours) au prix de 300,00 USD. <\/p><p><strong>Les exposants et les sponsors ont-ils acc\u00e8s \u00e0 des inscriptions \u00e0 tarif r\u00e9duit ?  <\/strong><\/p><p style=\"padding-left: 40px;\">Oui. Les exposants et les sponsors peuvent acheter des inscriptions compl\u00e8tes \u00e0 la conf\u00e9rence (tous les jours) au prix de 600,00 USD et au hall d&rsquo;exposition uniquement (tous les jours) au prix de 300,00 USD. <\/p>\t\t\t\t\t\t\t\t<\/div>\n\t\t\t\t<\/div>\n\t\t\t\t\t<\/div>\n\t\t<\/div>\n\t\t\t\t<div class=\"elementor-column elementor-col-33 elementor-top-column elementor-element elementor-element-7ca044d\" data-id=\"7ca044d\" data-element_type=\"column\" data-e-type=\"column\">\n\t\t\t<div class=\"elementor-widget-wrap elementor-element-populated\">\n\t\t\t\t\t\t<div class=\"elementor-element elementor-element-6c76b9a elementor-widget elementor-widget-heading\" data-id=\"6c76b9a\" data-element_type=\"widget\" data-e-type=\"widget\" data-widget_type=\"heading.default\">\n\t\t\t\t<div class=\"elementor-widget-container\">\n\t\t\t\t\t<h2 class=\"elementor-heading-title elementor-size-default\">TAUX<\/h2>\t\t\t\t<\/div>\n\t\t\t\t<\/div>\n\t\t\t\t<div class=\"elementor-element elementor-element-99376c2 elementor-align-center elementor-widget elementor-widget-button\" data-id=\"99376c2\" data-element_type=\"widget\" data-e-type=\"widget\" data-widget_type=\"button.default\">\n\t\t\t\t<div class=\"elementor-widget-container\">\n\t\t\t\t\t\t\t\t\t<div class=\"elementor-button-wrapper\">\n\t\t\t\t\t<a class=\"elementor-button elementor-button-link elementor-size-sm\" href=\"https:\/\/www.xcdsystem.com\/icg\">\n\t\t\t\t\t\t<span class=\"elementor-button-content-wrapper\">\n\t\t\t\t\t\t\t\t\t<span class=\"elementor-button-text\">INSCRIVEZ-VOUS MAINTENANT<\/span>\n\t\t\t\t\t<\/span>\n\t\t\t\t\t<\/a>\n\t\t\t\t<\/div>\n\t\t\t\t\t\t\t\t<\/div>\n\t\t\t\t<\/div>\n\t\t\t\t<div class=\"elementor-element elementor-element-2f3f575 elementor-widget elementor-widget-text-editor\" data-id=\"2f3f575\" data-element_type=\"widget\" data-e-type=\"widget\" data-widget_type=\"text-editor.default\">\n\t\t\t\t<div class=\"elementor-widget-container\">\n\t\t\t\t\t\t\t\t\t<h4>CONF\u00c9RENCE COMPL\u00c8TE &#8211; TOUS LES JOURS<\/h4><p><strong>Membres de l&rsquo;IGS dans les pays \u00e0 hauts revenus<\/strong>:<br>USD $895.00<\/p><p><strong>Membres de l&rsquo;IGS dans les pays \u00e0 revenus non \u00e9lev\u00e9s*<\/strong>:<br>USD $720.00 &#8212; VOIR FAQS<\/p><p><strong>Non-membres<\/strong>:<br>USD $1120.00<\/p><h4>HALL D&rsquo;EXPOSITION UNIQUEMENT<\/h4><p><strong>Tous les jours de salon<\/strong>:<br>USD $350.00<\/p><p><b>Pass d&rsquo;une journ\u00e9e pour le salon professionnel :<\/b><br>USD $90.00<\/p><h4>BILLETS DE GALA &#8211; 16 septembre 2026<\/h4><p><em>Les prix seront annonc\u00e9s lors de la signature du contrat avec le site ext\u00e9rieur.<\/em><\/p><p><em>* Pays \u00e0 revenu non \u00e9lev\u00e9 selon la d\u00e9finition de la Banque mondiale.  <\/em><\/p>\t\t\t\t\t\t\t\t<\/div>\n\t\t\t\t<\/div>\n\t\t\t\t\t<\/div>\n\t\t<\/div>\n\t\t\t\t\t<\/div>\n\t\t<\/section>\n\t\t\t\t<\/div>\n\t\t","protected":false},"excerpt":{"rendered":"<p>Informations g\u00e9n\u00e9rales sur l&rsquo;inscription https:\/\/www.xcdsystem.com\/icg** Lettres d&rsquo;invitation pour les demandes de visa de voyage maintenant disponibles ! Contactez general@13icg-montreal.org. ** La 13e conf\u00e9rence internationale sur les g\u00e9osynth\u00e9tiques (13 ICG ) r\u00e9unira plus de 1 000 ing\u00e9nieurs civils, chercheurs, r\u00e9gulateurs, fabricants de mat\u00e9riaux et experts en d\u00e9veloppement durable et en changement climatique pour des journ\u00e9es d&rsquo;\u00e9changes&hellip;<\/p>\n","protected":false},"author":2,"featured_media":0,"parent":0,"menu_order":0,"comment_status":"closed","ping_status":"closed","template":"elementor_header_footer","meta":{"footnotes":""},"class_list":["post-378","page","type-page","status-publish","hentry"],"yoast_head":"<!-- This site is optimized with the Yoast SEO plugin v27.3 - https:\/\/yoast.com\/product\/yoast-seo-wordpress\/ -->\n<title>Inscription - 13ICG Montreal<\/title>\n<meta name=\"description\" content=\"La 13e Conf\u00e9rence internationale sur les g\u00e9osynth\u00e9tiques (13 ICG) se tiendra du 13 au 17 septembre 2026 \u00e0 Montr\u00e9al. Les inscriptions sont ouvertes \u00e0 partir du 15 octobre.\" \/>\n<meta name=\"robots\" content=\"index, follow, max-snippet:-1, max-image-preview:large, max-video-preview:-1\" \/>\n<link rel=\"canonical\" href=\"https:\/\/www.13icg-montreal.org\/fr\/appel-a-resumes-2\/\" \/>\n<meta property=\"og:locale\" content=\"fr_FR\" \/>\n<meta property=\"og:type\" content=\"article\" \/>\n<meta property=\"og:title\" content=\"Inscription - 13ICG Montreal\" \/>\n<meta property=\"og:description\" content=\"La 13e Conf\u00e9rence internationale sur les g\u00e9osynth\u00e9tiques (13 ICG) se tiendra du 13 au 17 septembre 2026 \u00e0 Montr\u00e9al. Les inscriptions sont ouvertes \u00e0 partir du 15 octobre.\" \/>\n<meta property=\"og:url\" content=\"https:\/\/www.13icg-montreal.org\/fr\/appel-a-resumes-2\/\" \/>\n<meta property=\"og:site_name\" content=\"13ICG Montreal\" \/>\n<meta property=\"article:modified_time\" content=\"2025-12-03T21:11:32+00:00\" \/>\n<meta name=\"twitter:card\" content=\"summary_large_image\" \/>\n<meta name=\"twitter:label1\" content=\"Dur\u00e9e de lecture estim\u00e9e\" \/>\n\t<meta name=\"twitter:data1\" content=\"5 minutes\" \/>\n<script type=\"application\/ld+json\" class=\"yoast-schema-graph\">{\"@context\":\"https:\\\/\\\/schema.org\",\"@graph\":[{\"@type\":\"WebPage\",\"@id\":\"https:\\\/\\\/www.13icg-montreal.org\\\/fr\\\/appel-a-resumes-2\\\/\",\"url\":\"https:\\\/\\\/www.13icg-montreal.org\\\/fr\\\/appel-a-resumes-2\\\/\",\"name\":\"Inscription - 13ICG Montreal\",\"isPartOf\":{\"@id\":\"https:\\\/\\\/www.13icg-montreal.org\\\/fr\\\/#website\"},\"datePublished\":\"2025-10-07T17:14:49+00:00\",\"dateModified\":\"2025-12-03T21:11:32+00:00\",\"description\":\"La 13e Conf\u00e9rence internationale sur les g\u00e9osynth\u00e9tiques (13 ICG) se tiendra du 13 au 17 septembre 2026 \u00e0 Montr\u00e9al. Les inscriptions sont ouvertes \u00e0 partir du 15 octobre.\",\"breadcrumb\":{\"@id\":\"https:\\\/\\\/www.13icg-montreal.org\\\/fr\\\/appel-a-resumes-2\\\/#breadcrumb\"},\"inLanguage\":\"fr-FR\",\"potentialAction\":[{\"@type\":\"ReadAction\",\"target\":[\"https:\\\/\\\/www.13icg-montreal.org\\\/fr\\\/appel-a-resumes-2\\\/\"]}]},{\"@type\":\"BreadcrumbList\",\"@id\":\"https:\\\/\\\/www.13icg-montreal.org\\\/fr\\\/appel-a-resumes-2\\\/#breadcrumb\",\"itemListElement\":[{\"@type\":\"ListItem\",\"position\":1,\"name\":\"Home\",\"item\":\"https:\\\/\\\/www.13icg-montreal.org\\\/fr\\\/?page_id=248\"},{\"@type\":\"ListItem\",\"position\":2,\"name\":\"Inscription\"}]},{\"@type\":\"WebSite\",\"@id\":\"https:\\\/\\\/www.13icg-montreal.org\\\/fr\\\/#website\",\"url\":\"https:\\\/\\\/www.13icg-montreal.org\\\/fr\\\/\",\"name\":\"13ICG Montreal\",\"description\":\"13th International Conference on Geosynthetics\",\"publisher\":{\"@id\":\"https:\\\/\\\/www.13icg-montreal.org\\\/fr\\\/#organization\"},\"potentialAction\":[{\"@type\":\"SearchAction\",\"target\":{\"@type\":\"EntryPoint\",\"urlTemplate\":\"https:\\\/\\\/www.13icg-montreal.org\\\/fr\\\/?s={search_term_string}\"},\"query-input\":{\"@type\":\"PropertyValueSpecification\",\"valueRequired\":true,\"valueName\":\"search_term_string\"}}],\"inLanguage\":\"fr-FR\"},{\"@type\":\"Organization\",\"@id\":\"https:\\\/\\\/www.13icg-montreal.org\\\/fr\\\/#organization\",\"name\":\"13ICG Montreal\",\"url\":\"https:\\\/\\\/www.13icg-montreal.org\\\/fr\\\/\",\"logo\":{\"@type\":\"ImageObject\",\"inLanguage\":\"fr-FR\",\"@id\":\"https:\\\/\\\/www.13icg-montreal.org\\\/fr\\\/#\\\/schema\\\/logo\\\/image\\\/\",\"url\":\"https:\\\/\\\/www.13icg-montreal.org\\\/wp-content\\\/uploads\\\/2024\\\/06\\\/13IGC-Montreal-Logo2.png\",\"contentUrl\":\"https:\\\/\\\/www.13icg-montreal.org\\\/wp-content\\\/uploads\\\/2024\\\/06\\\/13IGC-Montreal-Logo2.png\",\"width\":735,\"height\":712,\"caption\":\"13ICG Montreal\"},\"image\":{\"@id\":\"https:\\\/\\\/www.13icg-montreal.org\\\/fr\\\/#\\\/schema\\\/logo\\\/image\\\/\"}}]}<\/script>\n<!-- \/ Yoast SEO plugin. -->","yoast_head_json":{"title":"Inscription - 13ICG Montreal","description":"La 13e Conf\u00e9rence internationale sur les g\u00e9osynth\u00e9tiques (13 ICG) se tiendra du 13 au 17 septembre 2026 \u00e0 Montr\u00e9al. Les inscriptions sont ouvertes \u00e0 partir du 15 octobre.","robots":{"index":"index","follow":"follow","max-snippet":"max-snippet:-1","max-image-preview":"max-image-preview:large","max-video-preview":"max-video-preview:-1"},"canonical":"https:\/\/www.13icg-montreal.org\/fr\/appel-a-resumes-2\/","og_locale":"fr_FR","og_type":"article","og_title":"Inscription - 13ICG Montreal","og_description":"La 13e Conf\u00e9rence internationale sur les g\u00e9osynth\u00e9tiques (13 ICG) se tiendra du 13 au 17 septembre 2026 \u00e0 Montr\u00e9al. Les inscriptions sont ouvertes \u00e0 partir du 15 octobre.","og_url":"https:\/\/www.13icg-montreal.org\/fr\/appel-a-resumes-2\/","og_site_name":"13ICG Montreal","article_modified_time":"2025-12-03T21:11:32+00:00","twitter_card":"summary_large_image","twitter_misc":{"Dur\u00e9e de lecture estim\u00e9e":"5 minutes"},"schema":{"@context":"https:\/\/schema.org","@graph":[{"@type":"WebPage","@id":"https:\/\/www.13icg-montreal.org\/fr\/appel-a-resumes-2\/","url":"https:\/\/www.13icg-montreal.org\/fr\/appel-a-resumes-2\/","name":"Inscription - 13ICG Montreal","isPartOf":{"@id":"https:\/\/www.13icg-montreal.org\/fr\/#website"},"datePublished":"2025-10-07T17:14:49+00:00","dateModified":"2025-12-03T21:11:32+00:00","description":"La 13e Conf\u00e9rence internationale sur les g\u00e9osynth\u00e9tiques (13 ICG) se tiendra du 13 au 17 septembre 2026 \u00e0 Montr\u00e9al. Les inscriptions sont ouvertes \u00e0 partir du 15 octobre.","breadcrumb":{"@id":"https:\/\/www.13icg-montreal.org\/fr\/appel-a-resumes-2\/#breadcrumb"},"inLanguage":"fr-FR","potentialAction":[{"@type":"ReadAction","target":["https:\/\/www.13icg-montreal.org\/fr\/appel-a-resumes-2\/"]}]},{"@type":"BreadcrumbList","@id":"https:\/\/www.13icg-montreal.org\/fr\/appel-a-resumes-2\/#breadcrumb","itemListElement":[{"@type":"ListItem","position":1,"name":"Home","item":"https:\/\/www.13icg-montreal.org\/fr\/?page_id=248"},{"@type":"ListItem","position":2,"name":"Inscription"}]},{"@type":"WebSite","@id":"https:\/\/www.13icg-montreal.org\/fr\/#website","url":"https:\/\/www.13icg-montreal.org\/fr\/","name":"13ICG Montreal","description":"13th International Conference on Geosynthetics","publisher":{"@id":"https:\/\/www.13icg-montreal.org\/fr\/#organization"},"potentialAction":[{"@type":"SearchAction","target":{"@type":"EntryPoint","urlTemplate":"https:\/\/www.13icg-montreal.org\/fr\/?s={search_term_string}"},"query-input":{"@type":"PropertyValueSpecification","valueRequired":true,"valueName":"search_term_string"}}],"inLanguage":"fr-FR"},{"@type":"Organization","@id":"https:\/\/www.13icg-montreal.org\/fr\/#organization","name":"13ICG Montreal","url":"https:\/\/www.13icg-montreal.org\/fr\/","logo":{"@type":"ImageObject","inLanguage":"fr-FR","@id":"https:\/\/www.13icg-montreal.org\/fr\/#\/schema\/logo\/image\/","url":"https:\/\/www.13icg-montreal.org\/wp-content\/uploads\/2024\/06\/13IGC-Montreal-Logo2.png","contentUrl":"https:\/\/www.13icg-montreal.org\/wp-content\/uploads\/2024\/06\/13IGC-Montreal-Logo2.png","width":735,"height":712,"caption":"13ICG Montreal"},"image":{"@id":"https:\/\/www.13icg-montreal.org\/fr\/#\/schema\/logo\/image\/"}}]}},"featured_image_src":null,"featured_image_src_square":null,"_links":{"self":[{"href":"https:\/\/www.13icg-montreal.org\/fr\/wp-json\/wp\/v2\/pages\/378","targetHints":{"allow":["GET"]}}],"collection":[{"href":"https:\/\/www.13icg-montreal.org\/fr\/wp-json\/wp\/v2\/pages"}],"about":[{"href":"https:\/\/www.13icg-montreal.org\/fr\/wp-json\/wp\/v2\/types\/page"}],"author":[{"embeddable":true,"href":"https:\/\/www.13icg-montreal.org\/fr\/wp-json\/wp\/v2\/users\/2"}],"replies":[{"embeddable":true,"href":"https:\/\/www.13icg-montreal.org\/fr\/wp-json\/wp\/v2\/comments?post=378"}],"version-history":[{"count":0,"href":"https:\/\/www.13icg-montreal.org\/fr\/wp-json\/wp\/v2\/pages\/378\/revisions"}],"wp:attachment":[{"href":"https:\/\/www.13icg-montreal.org\/fr\/wp-json\/wp\/v2\/media?parent=378"}],"curies":[{"name":"wp","href":"https:\/\/api.w.org\/{rel}","templated":true}]}}