{"id":344,"date":"2025-05-13T13:18:21","date_gmt":"2025-05-13T13:18:21","guid":{"rendered":"https:\/\/www.13icg-montreal.org\/?page_id=344"},"modified":"2026-04-28T16:44:25","modified_gmt":"2026-04-28T16:44:25","slug":"appel-a-resumes-et-sessions-speciales-2","status":"publish","type":"page","link":"https:\/\/www.13icg-montreal.org\/fr\/appel-a-resumes-et-sessions-speciales-2\/","title":{"rendered":"Concours des jeunes membres"},"content":{"rendered":"\t\t<div data-elementor-type=\"wp-page\" data-elementor-id=\"344\" class=\"elementor elementor-344 elementor-343\" data-elementor-post-type=\"page\">\n\t\t\t\t\t\t<section class=\"elementor-section elementor-top-section elementor-element elementor-element-7a1c0ca elementor-section-height-min-height elementor-section-items-bottom elementor-section-boxed elementor-section-height-default\" data-id=\"7a1c0ca\" data-element_type=\"section\" data-e-type=\"section\" data-settings=\"{&quot;background_background&quot;:&quot;classic&quot;}\">\n\t\t\t\t\t\t<div class=\"elementor-container elementor-column-gap-default\">\n\t\t\t\t\t<div class=\"elementor-column elementor-col-100 elementor-top-column elementor-element elementor-element-512601c\" data-id=\"512601c\" data-element_type=\"column\" data-e-type=\"column\">\n\t\t\t<div class=\"elementor-widget-wrap elementor-element-populated\">\n\t\t\t\t\t\t\t<\/div>\n\t\t<\/div>\n\t\t\t\t\t<\/div>\n\t\t<\/section>\n\t\t\t\t<section class=\"elementor-section elementor-top-section elementor-element elementor-element-bc1e1c9 elementor-section-boxed elementor-section-height-default elementor-section-height-default\" data-id=\"bc1e1c9\" data-element_type=\"section\" data-e-type=\"section\">\n\t\t\t\t\t\t<div class=\"elementor-container elementor-column-gap-default\">\n\t\t\t\t\t<div class=\"elementor-column elementor-col-100 elementor-top-column elementor-element elementor-element-0114c7c\" data-id=\"0114c7c\" data-element_type=\"column\" data-e-type=\"column\">\n\t\t\t<div class=\"elementor-widget-wrap elementor-element-populated\">\n\t\t\t\t\t\t<div class=\"elementor-element elementor-element-00d5f06 elementor-widget elementor-widget-heading\" data-id=\"00d5f06\" data-element_type=\"widget\" data-e-type=\"widget\" data-widget_type=\"heading.default\">\n\t\t\t\t<div class=\"elementor-widget-container\">\n\t\t\t\t\t<h2 class=\"elementor-heading-title elementor-size-default\">Participez au concours des jeunes membres<\/h2>\t\t\t\t<\/div>\n\t\t\t\t<\/div>\n\t\t\t\t<section class=\"elementor-section elementor-inner-section elementor-element elementor-element-e96d5d0 elementor-section-boxed elementor-section-height-default elementor-section-height-default\" data-id=\"e96d5d0\" data-element_type=\"section\" data-e-type=\"section\">\n\t\t\t\t\t\t<div class=\"elementor-container elementor-column-gap-default\">\n\t\t\t\t\t<div class=\"elementor-column elementor-col-50 elementor-inner-column elementor-element elementor-element-5d5d8a3\" data-id=\"5d5d8a3\" data-element_type=\"column\" data-e-type=\"column\">\n\t\t\t<div class=\"elementor-widget-wrap elementor-element-populated\">\n\t\t\t\t\t\t<div class=\"elementor-element elementor-element-650242a elementor-widget elementor-widget-text-editor\" data-id=\"650242a\" data-element_type=\"widget\" data-e-type=\"widget\" data-widget_type=\"text-editor.default\">\n\t\t\t\t<div class=\"elementor-widget-container\">\n\t\t\t\t\t\t\t\t\t<h2>\u00c0 PROPOS ET R\u00c8GLES<\/h2><p>Le 13e GIC et le comit\u00e9 des jeunes membres de l&rsquo;IGS sont heureux d&rsquo;annoncer la prestigieuse comp\u00e9tition des jeunes membres lors du 13e GIC \u00e0 Montr\u00e9al. Huit des meilleurs jeunes chercheurs et ing\u00e9nieurs en g\u00e9osynth\u00e9tique au monde se disputeront le prix de la meilleure communication de jeune membre \u00e0 l&rsquo;ICG de Montr\u00e9al. Les huit concurrents se disputeront les prix suivants, financ\u00e9s par l&rsquo;IGS.  <\/p><p><span style=\"font-family: var( --e-global-typography-text-font-family ), Sans-serif; letter-spacing: var(--the7-base-letter-spacing); text-transform: var(--the7-base-text-transform); word-spacing: normal; text-decoration: var(--the7-base-text-decoration);\">Nous recherchons de jeunes membres hautement qualifi\u00e9s pour y participer. Huit jeunes membres seront s\u00e9lectionn\u00e9s parmi les communications soumises sur la base du contenu de la communication, du style de la pr\u00e9sentation et de la prestation. Le laur\u00e9at recevra le certificat de la meilleure communication.  <\/span><\/p><h3>EXIGENCES<\/h3><ul><li>Les auteurs doivent \u00eatre membres de l&rsquo;IGS et avoir moins de 36 ans au moment de l&rsquo;\u00e9v\u00e9nement.<\/li><li><span style=\"font-size: 14px;\">La preuve de l&rsquo;adh\u00e9sion et de la date de naissance sera exig\u00e9e.<\/span><\/li><li><span style=\"font-size: 14px;\">Le candidat doit \u00eatre le <em>premier auteur<\/em> de l&rsquo;article et, si vous \u00eates choisi, \u00e9galement le pr\u00e9sentateur.<\/span><\/li><li><span style=\"font-size: 14px;\">Les r\u00e9sum\u00e9s doivent suivre les 13 lignes directrices du GIC en mati\u00e8re de r\u00e9sum\u00e9s et <b>doivent \u00eatre remis avant le 19 mai 2025<\/b>.<\/span><\/li><\/ul><h3><span style=\"font-family: var( --e-global-typography-text-font-family ), Sans-serif; letter-spacing: var(--the7-base-letter-spacing); text-transform: var(--the7-base-text-transform); word-spacing: normal; text-decoration: var(--the7-base-text-decoration);\"><em>Les inscriptions sont maintenant closes<\/em> &#8211; PROC\u00c9DURE DE SOUMISSION<\/span><\/h3><p><em>Soumission<\/em><\/p><p style=\"padding-left: 40px;\"><span style=\"font-family: var( --e-global-typography-text-font-family ), Sans-serif; letter-spacing: var(--the7-base-letter-spacing); text-transform: var(--the7-base-text-transform); word-spacing: normal; text-decoration: var(--the7-base-text-decoration);\">1. Soumettez vos r\u00e9sum\u00e9s en utilisant le <a href=\"https:\/\/www.xcdsystem.com\/icg\/\"><strong>syst\u00e8me de soumission en ligne<\/strong><\/a> (comme pour un article normal). <b>Seuls les articles complets accompagn\u00e9s d&rsquo;une pr\u00e9sentation orale seront pris en consid\u00e9ration pour le concours<\/b>. Dans le syst\u00e8me de soumission des r\u00e9sum\u00e9s, veillez \u00e0 <b>s\u00e9lectionner Papier + Pr\u00e9sentation comme type de soumission<\/b>.   <\/span><\/p><p style=\"padding-left: 40px;\">2. <a href=\"https:\/\/forms.gle\/oU2xrTJhjbnEuSrp8\"><strong>Remplir le formulaire Google Drive<\/strong><\/a> g\u00e9r\u00e9 par le YMC de l&rsquo;IGS pour indiquer leur int\u00e9r\u00eat pour le concours. Les jeunes membres qui ont soumis des r\u00e9sum\u00e9s avant le lancement du concours peuvent \u00e9galement remplir le formulaire Google Drive par la suite. <\/p><p><em>Processus d&rsquo;examen et de s\u00e9lection<\/em><\/p><p style=\"padding-left: 40px;\">3. Les r\u00e9sum\u00e9s sont examin\u00e9s selon les proc\u00e9dures mises en place par le comit\u00e9 technique du GIC, sans aucune contribution du comit\u00e9 de gestion de la jeunesse de l&rsquo;IGS.<\/p><p style=\"padding-left: 40px;\">4. Une fois les r\u00e9sum\u00e9s approuv\u00e9s, les GJ ont une possibilit\u00e9 suppl\u00e9mentaire de s&rsquo;inscrire au concours en utilisant le formulaire Google Drive.<br>5. Les concurrents et les participants \u00e0 la conf\u00e9rence soumettent leurs articles en suivant les proc\u00e9dures de la conf\u00e9rence. Les articles dont la publication n&rsquo;a pas \u00e9t\u00e9 approuv\u00e9e lors de la conf\u00e9rence ne seront pas pris en consid\u00e9ration pour le concours.<br>6. Les articles des participants sont examin\u00e9s selon la proc\u00e9dure habituelle de la conf\u00e9rence. Toutefois, un jury \u00e9value \u00e9galement les articles des participants.<br>7. Les huit (8) meilleurs auteurs s\u00e9lectionn\u00e9s pr\u00e9senteront leur article lors de la session du concours YM de la conf\u00e9rence, o\u00f9 ils seront \u00e9valu\u00e9s par le jury pour le classement final. Les autres participants seront pris en consid\u00e9ration pour une pr\u00e9sentation lors des sessions techniques standard, conform\u00e9ment aux directives de la conf\u00e9rence.   <\/p>\t\t\t\t\t\t\t\t<\/div>\n\t\t\t\t<\/div>\n\t\t\t\t\t<\/div>\n\t\t<\/div>\n\t\t\t\t<div class=\"elementor-column elementor-col-50 elementor-inner-column elementor-element elementor-element-4011577\" data-id=\"4011577\" data-element_type=\"column\" data-e-type=\"column\">\n\t\t\t<div class=\"elementor-widget-wrap elementor-element-populated\">\n\t\t\t\t\t\t<div class=\"elementor-element elementor-element-bc5929f elementor-widget elementor-widget-text-editor\" data-id=\"bc5929f\" data-element_type=\"widget\" data-e-type=\"widget\" data-widget_type=\"text-editor.default\">\n\t\t\t\t<div class=\"elementor-widget-container\">\n\t\t\t\t\t\t\t\t\t<h2>PRIX ET CERTIFICATS<\/h2><p>Le <strong>premier prix<\/strong> est dot\u00e9 de 1 100 dollars et d&rsquo;une interview exclusive dans IGS News.<\/p><p>Le <strong>deuxi\u00e8me prix<\/strong> est dot\u00e9 de 800,00 USD.<\/p><p>Le <strong>troisi\u00e8me prix<\/strong> est dot\u00e9 de 500,00 USD.<\/p><p>** Les huit (8) finalistes recevront un certificat, une inscription gratuite au cours de courte dur\u00e9e sur l&rsquo;apprentissage automatique et l&rsquo;intelligence artificielle le 13 septembre et ne paieront pas les frais d&rsquo;inscription \u00e0 l&rsquo;ensemble de la conf\u00e9rence. **<\/p>\t\t\t\t\t\t\t\t<\/div>\n\t\t\t\t<\/div>\n\t\t\t\t\t<\/div>\n\t\t<\/div>\n\t\t\t\t\t<\/div>\n\t\t<\/section>\n\t\t\t\t\t<\/div>\n\t\t<\/div>\n\t\t\t\t\t<\/div>\n\t\t<\/section>\n\t\t\t\t<\/div>\n\t\t","protected":false},"excerpt":{"rendered":"<p>Participez au concours des jeunes membres \u00c0 PROPOS ET R\u00c8GLES Le 13e GIC et le comit\u00e9 des jeunes membres de l&rsquo;IGS sont heureux d&rsquo;annoncer la prestigieuse comp\u00e9tition des jeunes membres lors du 13e GIC \u00e0 Montr\u00e9al. Huit des meilleurs jeunes chercheurs et ing\u00e9nieurs en g\u00e9osynth\u00e9tique au monde se disputeront le prix de la meilleure communication&hellip;<\/p>\n","protected":false},"author":2,"featured_media":234,"parent":0,"menu_order":0,"comment_status":"closed","ping_status":"closed","template":"elementor_header_footer","meta":{"footnotes":""},"class_list":["post-344","page","type-page","status-publish","has-post-thumbnail","hentry"],"yoast_head":"<!-- This site is optimized with the Yoast SEO plugin v27.4 - https:\/\/yoast.com\/product\/yoast-seo-wordpress\/ -->\n<title>Concours des jeunes membres - 13ICG Montreal<\/title>\n<meta name=\"description\" content=\"La 13e Conf\u00e9rence internationale sur les g\u00e9osynth\u00e9tiques (13 ICG) organisera un concours d&#039;articles et de pr\u00e9sentations pour les jeunes membres de l&#039;IGS. En savoir plus.\" \/>\n<meta name=\"robots\" content=\"index, follow, max-snippet:-1, max-image-preview:large, max-video-preview:-1\" \/>\n<link rel=\"canonical\" href=\"https:\/\/www.13icg-montreal.org\/fr\/appel-a-resumes-et-sessions-speciales-2\/\" \/>\n<meta property=\"og:locale\" content=\"fr_FR\" \/>\n<meta property=\"og:type\" content=\"article\" \/>\n<meta property=\"og:title\" content=\"Concours des jeunes membres - 13ICG Montreal\" \/>\n<meta property=\"og:description\" content=\"La 13e Conf\u00e9rence internationale sur les g\u00e9osynth\u00e9tiques (13 ICG) organisera un concours d&#039;articles et de pr\u00e9sentations pour les jeunes membres de l&#039;IGS. En savoir plus.\" \/>\n<meta property=\"og:url\" content=\"https:\/\/www.13icg-montreal.org\/fr\/appel-a-resumes-et-sessions-speciales-2\/\" \/>\n<meta property=\"og:site_name\" content=\"13ICG Montreal\" \/>\n<meta property=\"article:modified_time\" content=\"2026-04-28T16:44:25+00:00\" \/>\n<meta property=\"og:image\" content=\"https:\/\/www.13icg-montreal.org\/wp-content\/uploads\/2024\/06\/favicon2.png\" \/>\n\t<meta property=\"og:image:width\" content=\"595\" \/>\n\t<meta property=\"og:image:height\" content=\"595\" \/>\n\t<meta property=\"og:image:type\" content=\"image\/png\" \/>\n<meta name=\"twitter:card\" content=\"summary_large_image\" \/>\n<meta name=\"twitter:label1\" content=\"Dur\u00e9e de lecture estim\u00e9e\" \/>\n\t<meta name=\"twitter:data1\" content=\"3 minutes\" \/>\n<script type=\"application\/ld+json\" class=\"yoast-schema-graph\">{\"@context\":\"https:\\\/\\\/schema.org\",\"@graph\":[{\"@type\":\"WebPage\",\"@id\":\"https:\\\/\\\/www.13icg-montreal.org\\\/fr\\\/appel-a-resumes-et-sessions-speciales-2\\\/\",\"url\":\"https:\\\/\\\/www.13icg-montreal.org\\\/fr\\\/appel-a-resumes-et-sessions-speciales-2\\\/\",\"name\":\"Concours des jeunes membres - 13ICG Montreal\",\"isPartOf\":{\"@id\":\"https:\\\/\\\/www.13icg-montreal.org\\\/fr\\\/#website\"},\"primaryImageOfPage\":{\"@id\":\"https:\\\/\\\/www.13icg-montreal.org\\\/fr\\\/appel-a-resumes-et-sessions-speciales-2\\\/#primaryimage\"},\"image\":{\"@id\":\"https:\\\/\\\/www.13icg-montreal.org\\\/fr\\\/appel-a-resumes-et-sessions-speciales-2\\\/#primaryimage\"},\"thumbnailUrl\":\"https:\\\/\\\/www.13icg-montreal.org\\\/wp-content\\\/uploads\\\/2024\\\/06\\\/favicon2.png\",\"datePublished\":\"2025-05-13T13:18:21+00:00\",\"dateModified\":\"2026-04-28T16:44:25+00:00\",\"description\":\"La 13e Conf\u00e9rence internationale sur les g\u00e9osynth\u00e9tiques (13 ICG) organisera un concours d'articles et de pr\u00e9sentations pour les jeunes membres de l'IGS. En savoir plus.\",\"breadcrumb\":{\"@id\":\"https:\\\/\\\/www.13icg-montreal.org\\\/fr\\\/appel-a-resumes-et-sessions-speciales-2\\\/#breadcrumb\"},\"inLanguage\":\"fr-FR\",\"potentialAction\":[{\"@type\":\"ReadAction\",\"target\":[\"https:\\\/\\\/www.13icg-montreal.org\\\/fr\\\/appel-a-resumes-et-sessions-speciales-2\\\/\"]}]},{\"@type\":\"ImageObject\",\"inLanguage\":\"fr-FR\",\"@id\":\"https:\\\/\\\/www.13icg-montreal.org\\\/fr\\\/appel-a-resumes-et-sessions-speciales-2\\\/#primaryimage\",\"url\":\"https:\\\/\\\/www.13icg-montreal.org\\\/wp-content\\\/uploads\\\/2024\\\/06\\\/favicon2.png\",\"contentUrl\":\"https:\\\/\\\/www.13icg-montreal.org\\\/wp-content\\\/uploads\\\/2024\\\/06\\\/favicon2.png\",\"width\":595,\"height\":595,\"caption\":\"13th International Conference on Gesoynthetics logo\"},{\"@type\":\"BreadcrumbList\",\"@id\":\"https:\\\/\\\/www.13icg-montreal.org\\\/fr\\\/appel-a-resumes-et-sessions-speciales-2\\\/#breadcrumb\",\"itemListElement\":[{\"@type\":\"ListItem\",\"position\":1,\"name\":\"Home\",\"item\":\"https:\\\/\\\/www.13icg-montreal.org\\\/fr\\\/?page_id=248\"},{\"@type\":\"ListItem\",\"position\":2,\"name\":\"Concours des jeunes membres\"}]},{\"@type\":\"WebSite\",\"@id\":\"https:\\\/\\\/www.13icg-montreal.org\\\/fr\\\/#website\",\"url\":\"https:\\\/\\\/www.13icg-montreal.org\\\/fr\\\/\",\"name\":\"13ICG Montreal\",\"description\":\"13th International Conference on Geosynthetics\",\"publisher\":{\"@id\":\"https:\\\/\\\/www.13icg-montreal.org\\\/fr\\\/#organization\"},\"potentialAction\":[{\"@type\":\"SearchAction\",\"target\":{\"@type\":\"EntryPoint\",\"urlTemplate\":\"https:\\\/\\\/www.13icg-montreal.org\\\/fr\\\/?s={search_term_string}\"},\"query-input\":{\"@type\":\"PropertyValueSpecification\",\"valueRequired\":true,\"valueName\":\"search_term_string\"}}],\"inLanguage\":\"fr-FR\"},{\"@type\":\"Organization\",\"@id\":\"https:\\\/\\\/www.13icg-montreal.org\\\/fr\\\/#organization\",\"name\":\"13ICG Montreal\",\"url\":\"https:\\\/\\\/www.13icg-montreal.org\\\/fr\\\/\",\"logo\":{\"@type\":\"ImageObject\",\"inLanguage\":\"fr-FR\",\"@id\":\"https:\\\/\\\/www.13icg-montreal.org\\\/fr\\\/#\\\/schema\\\/logo\\\/image\\\/\",\"url\":\"https:\\\/\\\/www.13icg-montreal.org\\\/wp-content\\\/uploads\\\/2024\\\/06\\\/13IGC-Montreal-Logo2.png\",\"contentUrl\":\"https:\\\/\\\/www.13icg-montreal.org\\\/wp-content\\\/uploads\\\/2024\\\/06\\\/13IGC-Montreal-Logo2.png\",\"width\":735,\"height\":712,\"caption\":\"13ICG Montreal\"},\"image\":{\"@id\":\"https:\\\/\\\/www.13icg-montreal.org\\\/fr\\\/#\\\/schema\\\/logo\\\/image\\\/\"}}]}<\/script>\n<!-- \/ Yoast SEO plugin. -->","yoast_head_json":{"title":"Concours des jeunes membres - 13ICG Montreal","description":"La 13e Conf\u00e9rence internationale sur les g\u00e9osynth\u00e9tiques (13 ICG) organisera un concours d'articles et de pr\u00e9sentations pour les jeunes membres de l'IGS. En savoir plus.","robots":{"index":"index","follow":"follow","max-snippet":"max-snippet:-1","max-image-preview":"max-image-preview:large","max-video-preview":"max-video-preview:-1"},"canonical":"https:\/\/www.13icg-montreal.org\/fr\/appel-a-resumes-et-sessions-speciales-2\/","og_locale":"fr_FR","og_type":"article","og_title":"Concours des jeunes membres - 13ICG Montreal","og_description":"La 13e Conf\u00e9rence internationale sur les g\u00e9osynth\u00e9tiques (13 ICG) organisera un concours d'articles et de pr\u00e9sentations pour les jeunes membres de l'IGS. En savoir plus.","og_url":"https:\/\/www.13icg-montreal.org\/fr\/appel-a-resumes-et-sessions-speciales-2\/","og_site_name":"13ICG Montreal","article_modified_time":"2026-04-28T16:44:25+00:00","og_image":[{"width":595,"height":595,"url":"https:\/\/www.13icg-montreal.org\/wp-content\/uploads\/2024\/06\/favicon2.png","type":"image\/png"}],"twitter_card":"summary_large_image","twitter_misc":{"Dur\u00e9e de lecture estim\u00e9e":"3 minutes"},"schema":{"@context":"https:\/\/schema.org","@graph":[{"@type":"WebPage","@id":"https:\/\/www.13icg-montreal.org\/fr\/appel-a-resumes-et-sessions-speciales-2\/","url":"https:\/\/www.13icg-montreal.org\/fr\/appel-a-resumes-et-sessions-speciales-2\/","name":"Concours des jeunes membres - 13ICG Montreal","isPartOf":{"@id":"https:\/\/www.13icg-montreal.org\/fr\/#website"},"primaryImageOfPage":{"@id":"https:\/\/www.13icg-montreal.org\/fr\/appel-a-resumes-et-sessions-speciales-2\/#primaryimage"},"image":{"@id":"https:\/\/www.13icg-montreal.org\/fr\/appel-a-resumes-et-sessions-speciales-2\/#primaryimage"},"thumbnailUrl":"https:\/\/www.13icg-montreal.org\/wp-content\/uploads\/2024\/06\/favicon2.png","datePublished":"2025-05-13T13:18:21+00:00","dateModified":"2026-04-28T16:44:25+00:00","description":"La 13e Conf\u00e9rence internationale sur les g\u00e9osynth\u00e9tiques (13 ICG) organisera un concours d'articles et de pr\u00e9sentations pour les jeunes membres de l'IGS. En savoir plus.","breadcrumb":{"@id":"https:\/\/www.13icg-montreal.org\/fr\/appel-a-resumes-et-sessions-speciales-2\/#breadcrumb"},"inLanguage":"fr-FR","potentialAction":[{"@type":"ReadAction","target":["https:\/\/www.13icg-montreal.org\/fr\/appel-a-resumes-et-sessions-speciales-2\/"]}]},{"@type":"ImageObject","inLanguage":"fr-FR","@id":"https:\/\/www.13icg-montreal.org\/fr\/appel-a-resumes-et-sessions-speciales-2\/#primaryimage","url":"https:\/\/www.13icg-montreal.org\/wp-content\/uploads\/2024\/06\/favicon2.png","contentUrl":"https:\/\/www.13icg-montreal.org\/wp-content\/uploads\/2024\/06\/favicon2.png","width":595,"height":595,"caption":"13th International Conference on Gesoynthetics logo"},{"@type":"BreadcrumbList","@id":"https:\/\/www.13icg-montreal.org\/fr\/appel-a-resumes-et-sessions-speciales-2\/#breadcrumb","itemListElement":[{"@type":"ListItem","position":1,"name":"Home","item":"https:\/\/www.13icg-montreal.org\/fr\/?page_id=248"},{"@type":"ListItem","position":2,"name":"Concours des jeunes membres"}]},{"@type":"WebSite","@id":"https:\/\/www.13icg-montreal.org\/fr\/#website","url":"https:\/\/www.13icg-montreal.org\/fr\/","name":"13ICG Montreal","description":"13th International Conference on Geosynthetics","publisher":{"@id":"https:\/\/www.13icg-montreal.org\/fr\/#organization"},"potentialAction":[{"@type":"SearchAction","target":{"@type":"EntryPoint","urlTemplate":"https:\/\/www.13icg-montreal.org\/fr\/?s={search_term_string}"},"query-input":{"@type":"PropertyValueSpecification","valueRequired":true,"valueName":"search_term_string"}}],"inLanguage":"fr-FR"},{"@type":"Organization","@id":"https:\/\/www.13icg-montreal.org\/fr\/#organization","name":"13ICG Montreal","url":"https:\/\/www.13icg-montreal.org\/fr\/","logo":{"@type":"ImageObject","inLanguage":"fr-FR","@id":"https:\/\/www.13icg-montreal.org\/fr\/#\/schema\/logo\/image\/","url":"https:\/\/www.13icg-montreal.org\/wp-content\/uploads\/2024\/06\/13IGC-Montreal-Logo2.png","contentUrl":"https:\/\/www.13icg-montreal.org\/wp-content\/uploads\/2024\/06\/13IGC-Montreal-Logo2.png","width":735,"height":712,"caption":"13ICG Montreal"},"image":{"@id":"https:\/\/www.13icg-montreal.org\/fr\/#\/schema\/logo\/image\/"}}]}},"featured_image_src":"https:\/\/www.13icg-montreal.org\/wp-content\/uploads\/2024\/06\/favicon2-595x400.png","featured_image_src_square":"https:\/\/www.13icg-montreal.org\/wp-content\/uploads\/2024\/06\/favicon2.png","_links":{"self":[{"href":"https:\/\/www.13icg-montreal.org\/fr\/wp-json\/wp\/v2\/pages\/344","targetHints":{"allow":["GET"]}}],"collection":[{"href":"https:\/\/www.13icg-montreal.org\/fr\/wp-json\/wp\/v2\/pages"}],"about":[{"href":"https:\/\/www.13icg-montreal.org\/fr\/wp-json\/wp\/v2\/types\/page"}],"author":[{"embeddable":true,"href":"https:\/\/www.13icg-montreal.org\/fr\/wp-json\/wp\/v2\/users\/2"}],"replies":[{"embeddable":true,"href":"https:\/\/www.13icg-montreal.org\/fr\/wp-json\/wp\/v2\/comments?post=344"}],"version-history":[{"count":0,"href":"https:\/\/www.13icg-montreal.org\/fr\/wp-json\/wp\/v2\/pages\/344\/revisions"}],"wp:featuredmedia":[{"embeddable":true,"href":"https:\/\/www.13icg-montreal.org\/fr\/wp-json\/wp\/v2\/media\/234"}],"wp:attachment":[{"href":"https:\/\/www.13icg-montreal.org\/fr\/wp-json\/wp\/v2\/media?parent=344"}],"curies":[{"name":"wp","href":"https:\/\/api.w.org\/{rel}","templated":true}]}}