{"id":290,"date":"2024-12-03T15:58:06","date_gmt":"2024-12-03T15:58:06","guid":{"rendered":"https:\/\/www.13icg-montreal.org\/?page_id=290"},"modified":"2024-12-03T16:00:50","modified_gmt":"2024-12-03T16:00:50","slug":"lieu-2","status":"publish","type":"page","link":"https:\/\/www.13icg-montreal.org\/fr\/lieu-2\/","title":{"rendered":"Lieu"},"content":{"rendered":"\t\t<div data-elementor-type=\"wp-page\" data-elementor-id=\"290\" class=\"elementor elementor-290 elementor-289\" data-elementor-post-type=\"page\">\n\t\t\t\t\t\t<section class=\"elementor-section elementor-top-section elementor-element elementor-element-ab17fa7 elementor-section-height-min-height elementor-section-items-bottom elementor-section-boxed elementor-section-height-default\" data-id=\"ab17fa7\" data-element_type=\"section\" data-e-type=\"section\" data-settings=\"{&quot;background_background&quot;:&quot;classic&quot;}\">\n\t\t\t\t\t\t<div class=\"elementor-container elementor-column-gap-default\">\n\t\t\t\t\t<div class=\"elementor-column elementor-col-100 elementor-top-column elementor-element elementor-element-8ebd4f3\" data-id=\"8ebd4f3\" data-element_type=\"column\" data-e-type=\"column\">\n\t\t\t<div class=\"elementor-widget-wrap elementor-element-populated\">\n\t\t\t\t\t\t<div class=\"elementor-element elementor-element-7d083eb elementor-widget elementor-widget-heading\" data-id=\"7d083eb\" data-element_type=\"widget\" data-e-type=\"widget\" data-widget_type=\"heading.default\">\n\t\t\t\t<div class=\"elementor-widget-container\">\n\t\t\t\t\t<h2 class=\"elementor-heading-title elementor-size-default\">Le Centre des congr\u00e8s de Montr\u00e9al<\/h2>\t\t\t\t<\/div>\n\t\t\t\t<\/div>\n\t\t\t\t\t<\/div>\n\t\t<\/div>\n\t\t\t\t\t<\/div>\n\t\t<\/section>\n\t\t\t\t<section class=\"elementor-section elementor-top-section elementor-element elementor-element-0343666 elementor-section-boxed elementor-section-height-default elementor-section-height-default\" data-id=\"0343666\" data-element_type=\"section\" data-e-type=\"section\">\n\t\t\t\t\t\t<div class=\"elementor-container elementor-column-gap-default\">\n\t\t\t\t\t<div class=\"elementor-column elementor-col-100 elementor-top-column elementor-element elementor-element-f7fae1a\" data-id=\"f7fae1a\" data-element_type=\"column\" data-e-type=\"column\">\n\t\t\t<div class=\"elementor-widget-wrap elementor-element-populated\">\n\t\t\t\t\t\t<div class=\"elementor-element elementor-element-9f88107 elementor-widget elementor-widget-text-editor\" data-id=\"9f88107\" data-element_type=\"widget\" data-e-type=\"widget\" data-widget_type=\"text-editor.default\">\n\t\t\t\t<div class=\"elementor-widget-container\">\n\t\t\t\t\t\t\t\t\t<p><a href=\"https:\/\/congresmtl.com\/en\/\"><strong>Le Palais des congr\u00e8s de Montr\u00e9al <\/strong><\/a>(Palais des congr\u00e8s de Montr\u00e9al) est r\u00e9guli\u00e8rement class\u00e9 parmi les meilleurs centres de congr\u00e8s des Am\u00e9riques ! Le Palais vous promet des \u00e9v\u00e9nements inoubliables avec la cr\u00e9ativit\u00e9, le sens de l&rsquo;exp\u00e9rience et le savoir-faire propres \u00e0 Montr\u00e9al.<\/p>\n<p>Il s&rsquo;agit \u00e9galement d&rsquo;une <b>installation neutre en carbone<\/b>. Le programme du Palais Bor\u00e9al, men\u00e9 en collaboration avec l&rsquo;organisme de sensibilisation aux changements climatiques Planetair, aide les organisateurs d&rsquo;\u00e9v\u00e9nements et les participants \u00e0 compenser l&rsquo;impact carbone des conf\u00e9rences et des voyages affili\u00e9s.<\/p>\n\t\t\t\t\t\t\t\t<\/div>\n\t\t\t\t<\/div>\n\t\t\t\t<section class=\"elementor-section elementor-inner-section elementor-element elementor-element-8a96a4c elementor-section-boxed elementor-section-height-default elementor-section-height-default\" data-id=\"8a96a4c\" data-element_type=\"section\" data-e-type=\"section\">\n\t\t\t\t\t\t<div class=\"elementor-container elementor-column-gap-default\">\n\t\t\t\t\t<div class=\"elementor-column elementor-col-50 elementor-inner-column elementor-element elementor-element-86113e9\" data-id=\"86113e9\" data-element_type=\"column\" data-e-type=\"column\">\n\t\t\t<div class=\"elementor-widget-wrap elementor-element-populated\">\n\t\t\t\t\t\t<div class=\"elementor-element elementor-element-f1c7c8c elementor-widget elementor-widget-image\" data-id=\"f1c7c8c\" data-element_type=\"widget\" data-e-type=\"widget\" data-widget_type=\"image.default\">\n\t\t\t\t<div class=\"elementor-widget-container\">\n\t\t\t\t\t\t\t\t\t\t\t\t\t\t\t<img fetchpriority=\"high\" decoding=\"async\" width=\"1000\" height=\"750\" src=\"https:\/\/www.13icg-montreal.org\/wp-content\/uploads\/2024\/05\/Palais3.png\" class=\"attachment-large size-large wp-image-211\" alt=\"\" srcset=\"https:\/\/www.13icg-montreal.org\/wp-content\/uploads\/2024\/05\/Palais3.png 1000w, https:\/\/www.13icg-montreal.org\/wp-content\/uploads\/2024\/05\/Palais3-300x225.png 300w, https:\/\/www.13icg-montreal.org\/wp-content\/uploads\/2024\/05\/Palais3-768x576.png 768w\" sizes=\"(max-width: 1000px) 100vw, 1000px\" \/>\t\t\t\t\t\t\t\t\t\t\t\t\t\t\t<\/div>\n\t\t\t\t<\/div>\n\t\t\t\t<div class=\"elementor-element elementor-element-520e9aa elementor-widget elementor-widget-image\" data-id=\"520e9aa\" data-element_type=\"widget\" data-e-type=\"widget\" data-widget_type=\"image.default\">\n\t\t\t\t<div class=\"elementor-widget-container\">\n\t\t\t\t\t\t\t\t\t\t\t\t\t\t\t<img decoding=\"async\" width=\"1000\" height=\"750\" src=\"https:\/\/www.13icg-montreal.org\/wp-content\/uploads\/2024\/05\/Palais4.png\" class=\"attachment-large size-large wp-image-212\" alt=\"\" srcset=\"https:\/\/www.13icg-montreal.org\/wp-content\/uploads\/2024\/05\/Palais4.png 1000w, https:\/\/www.13icg-montreal.org\/wp-content\/uploads\/2024\/05\/Palais4-300x225.png 300w, https:\/\/www.13icg-montreal.org\/wp-content\/uploads\/2024\/05\/Palais4-768x576.png 768w\" sizes=\"(max-width: 1000px) 100vw, 1000px\" \/>\t\t\t\t\t\t\t\t\t\t\t\t\t\t\t<\/div>\n\t\t\t\t<\/div>\n\t\t\t\t\t<\/div>\n\t\t<\/div>\n\t\t\t\t<div class=\"elementor-column elementor-col-50 elementor-inner-column elementor-element elementor-element-405b68c\" data-id=\"405b68c\" data-element_type=\"column\" data-e-type=\"column\">\n\t\t\t<div class=\"elementor-widget-wrap elementor-element-populated\">\n\t\t\t\t\t\t<div class=\"elementor-element elementor-element-0da2d54 elementor-widget elementor-widget-image\" data-id=\"0da2d54\" data-element_type=\"widget\" data-e-type=\"widget\" data-widget_type=\"image.default\">\n\t\t\t\t<div class=\"elementor-widget-container\">\n\t\t\t\t\t\t\t\t\t\t\t\t\t\t\t<img decoding=\"async\" width=\"800\" height=\"534\" src=\"https:\/\/www.13icg-montreal.org\/wp-content\/uploads\/2024\/05\/Palais5.png\" class=\"attachment-large size-large wp-image-213\" alt=\"\" srcset=\"https:\/\/www.13icg-montreal.org\/wp-content\/uploads\/2024\/05\/Palais5.png 800w, https:\/\/www.13icg-montreal.org\/wp-content\/uploads\/2024\/05\/Palais5-300x200.png 300w, https:\/\/www.13icg-montreal.org\/wp-content\/uploads\/2024\/05\/Palais5-768x513.png 768w, https:\/\/www.13icg-montreal.org\/wp-content\/uploads\/2024\/05\/Palais5-600x400.png 600w\" sizes=\"(max-width: 800px) 100vw, 800px\" \/>\t\t\t\t\t\t\t\t\t\t\t\t\t\t\t<\/div>\n\t\t\t\t<\/div>\n\t\t\t\t<div class=\"elementor-element elementor-element-6fecc38 elementor-widget elementor-widget-image\" data-id=\"6fecc38\" data-element_type=\"widget\" data-e-type=\"widget\" data-widget_type=\"image.default\">\n\t\t\t\t<div class=\"elementor-widget-container\">\n\t\t\t\t\t\t\t\t\t\t\t\t\t\t\t<img loading=\"lazy\" decoding=\"async\" width=\"800\" height=\"534\" src=\"https:\/\/www.13icg-montreal.org\/wp-content\/uploads\/2024\/05\/Palais6.png\" class=\"attachment-large size-large wp-image-214\" alt=\"\" srcset=\"https:\/\/www.13icg-montreal.org\/wp-content\/uploads\/2024\/05\/Palais6.png 800w, https:\/\/www.13icg-montreal.org\/wp-content\/uploads\/2024\/05\/Palais6-300x200.png 300w, https:\/\/www.13icg-montreal.org\/wp-content\/uploads\/2024\/05\/Palais6-768x513.png 768w, https:\/\/www.13icg-montreal.org\/wp-content\/uploads\/2024\/05\/Palais6-600x400.png 600w\" sizes=\"(max-width: 800px) 100vw, 800px\" \/>\t\t\t\t\t\t\t\t\t\t\t\t\t\t\t<\/div>\n\t\t\t\t<\/div>\n\t\t\t\t\t<\/div>\n\t\t<\/div>\n\t\t\t\t\t<\/div>\n\t\t<\/section>\n\t\t\t\t\t<\/div>\n\t\t<\/div>\n\t\t\t\t\t<\/div>\n\t\t<\/section>\n\t\t\t\t<\/div>\n\t\t","protected":false},"excerpt":{"rendered":"<p>Le Centre des congr\u00e8s de Montr\u00e9al Le Palais des congr\u00e8s de Montr\u00e9al (Palais des congr\u00e8s de Montr\u00e9al) est r\u00e9guli\u00e8rement class\u00e9 parmi les meilleurs centres de congr\u00e8s des Am\u00e9riques ! Le Palais vous promet des \u00e9v\u00e9nements inoubliables avec la cr\u00e9ativit\u00e9, le sens de l&rsquo;exp\u00e9rience et le savoir-faire propres \u00e0 Montr\u00e9al. Il s&rsquo;agit \u00e9galement d&rsquo;une installation neutre&hellip;<\/p>\n","protected":false},"author":2,"featured_media":234,"parent":0,"menu_order":0,"comment_status":"closed","ping_status":"closed","template":"elementor_header_footer","meta":{"footnotes":""},"class_list":["post-290","page","type-page","status-publish","has-post-thumbnail","hentry"],"yoast_head":"<!-- This site is optimized with the Yoast SEO plugin v27.4 - https:\/\/yoast.com\/product\/yoast-seo-wordpress\/ -->\n<title>Lieu - 13ICG Montreal<\/title>\n<meta name=\"robots\" content=\"index, follow, max-snippet:-1, max-image-preview:large, max-video-preview:-1\" \/>\n<link rel=\"canonical\" href=\"https:\/\/www.13icg-montreal.org\/fr\/lieu-2\/\" \/>\n<meta property=\"og:locale\" content=\"fr_FR\" \/>\n<meta property=\"og:type\" content=\"article\" \/>\n<meta property=\"og:title\" content=\"Lieu - 13ICG Montreal\" \/>\n<meta property=\"og:description\" content=\"Le Centre des congr\u00e8s de Montr\u00e9al Le Palais des congr\u00e8s de Montr\u00e9al (Palais des congr\u00e8s de Montr\u00e9al) est r\u00e9guli\u00e8rement class\u00e9 parmi les meilleurs centres de congr\u00e8s des Am\u00e9riques ! Le Palais vous promet des \u00e9v\u00e9nements inoubliables avec la cr\u00e9ativit\u00e9, le sens de l&rsquo;exp\u00e9rience et le savoir-faire propres \u00e0 Montr\u00e9al. Il s&rsquo;agit \u00e9galement d&rsquo;une installation neutre&hellip;\" \/>\n<meta property=\"og:url\" content=\"https:\/\/www.13icg-montreal.org\/fr\/lieu-2\/\" \/>\n<meta property=\"og:site_name\" content=\"13ICG Montreal\" \/>\n<meta property=\"article:modified_time\" content=\"2024-12-03T16:00:50+00:00\" \/>\n<meta property=\"og:image\" content=\"https:\/\/www.13icg-montreal.org\/wp-content\/uploads\/2024\/05\/Palais3.png\" \/>\n<meta name=\"twitter:card\" content=\"summary_large_image\" \/>\n<meta name=\"twitter:label1\" content=\"Dur\u00e9e de lecture estim\u00e9e\" \/>\n\t<meta name=\"twitter:data1\" content=\"1 minute\" \/>\n<script type=\"application\/ld+json\" class=\"yoast-schema-graph\">{\"@context\":\"https:\\\/\\\/schema.org\",\"@graph\":[{\"@type\":\"WebPage\",\"@id\":\"https:\\\/\\\/www.13icg-montreal.org\\\/fr\\\/lieu-2\\\/\",\"url\":\"https:\\\/\\\/www.13icg-montreal.org\\\/fr\\\/lieu-2\\\/\",\"name\":\"Lieu - 13ICG Montreal\",\"isPartOf\":{\"@id\":\"https:\\\/\\\/www.13icg-montreal.org\\\/fr\\\/#website\"},\"primaryImageOfPage\":{\"@id\":\"https:\\\/\\\/www.13icg-montreal.org\\\/fr\\\/lieu-2\\\/#primaryimage\"},\"image\":{\"@id\":\"https:\\\/\\\/www.13icg-montreal.org\\\/fr\\\/lieu-2\\\/#primaryimage\"},\"thumbnailUrl\":\"https:\\\/\\\/www.13icg-montreal.org\\\/wp-content\\\/uploads\\\/2024\\\/06\\\/favicon2.png\",\"datePublished\":\"2024-12-03T15:58:06+00:00\",\"dateModified\":\"2024-12-03T16:00:50+00:00\",\"breadcrumb\":{\"@id\":\"https:\\\/\\\/www.13icg-montreal.org\\\/fr\\\/lieu-2\\\/#breadcrumb\"},\"inLanguage\":\"fr-FR\",\"potentialAction\":[{\"@type\":\"ReadAction\",\"target\":[\"https:\\\/\\\/www.13icg-montreal.org\\\/fr\\\/lieu-2\\\/\"]}]},{\"@type\":\"ImageObject\",\"inLanguage\":\"fr-FR\",\"@id\":\"https:\\\/\\\/www.13icg-montreal.org\\\/fr\\\/lieu-2\\\/#primaryimage\",\"url\":\"https:\\\/\\\/www.13icg-montreal.org\\\/wp-content\\\/uploads\\\/2024\\\/06\\\/favicon2.png\",\"contentUrl\":\"https:\\\/\\\/www.13icg-montreal.org\\\/wp-content\\\/uploads\\\/2024\\\/06\\\/favicon2.png\",\"width\":595,\"height\":595,\"caption\":\"13th International Conference on Gesoynthetics logo\"},{\"@type\":\"BreadcrumbList\",\"@id\":\"https:\\\/\\\/www.13icg-montreal.org\\\/fr\\\/lieu-2\\\/#breadcrumb\",\"itemListElement\":[{\"@type\":\"ListItem\",\"position\":1,\"name\":\"Home\",\"item\":\"https:\\\/\\\/www.13icg-montreal.org\\\/fr\\\/?page_id=248\"},{\"@type\":\"ListItem\",\"position\":2,\"name\":\"Lieu\"}]},{\"@type\":\"WebSite\",\"@id\":\"https:\\\/\\\/www.13icg-montreal.org\\\/fr\\\/#website\",\"url\":\"https:\\\/\\\/www.13icg-montreal.org\\\/fr\\\/\",\"name\":\"13ICG Montreal\",\"description\":\"13th International Conference on Geosynthetics\",\"publisher\":{\"@id\":\"https:\\\/\\\/www.13icg-montreal.org\\\/fr\\\/#organization\"},\"potentialAction\":[{\"@type\":\"SearchAction\",\"target\":{\"@type\":\"EntryPoint\",\"urlTemplate\":\"https:\\\/\\\/www.13icg-montreal.org\\\/fr\\\/?s={search_term_string}\"},\"query-input\":{\"@type\":\"PropertyValueSpecification\",\"valueRequired\":true,\"valueName\":\"search_term_string\"}}],\"inLanguage\":\"fr-FR\"},{\"@type\":\"Organization\",\"@id\":\"https:\\\/\\\/www.13icg-montreal.org\\\/fr\\\/#organization\",\"name\":\"13ICG Montreal\",\"url\":\"https:\\\/\\\/www.13icg-montreal.org\\\/fr\\\/\",\"logo\":{\"@type\":\"ImageObject\",\"inLanguage\":\"fr-FR\",\"@id\":\"https:\\\/\\\/www.13icg-montreal.org\\\/fr\\\/#\\\/schema\\\/logo\\\/image\\\/\",\"url\":\"https:\\\/\\\/www.13icg-montreal.org\\\/wp-content\\\/uploads\\\/2024\\\/06\\\/13IGC-Montreal-Logo2.png\",\"contentUrl\":\"https:\\\/\\\/www.13icg-montreal.org\\\/wp-content\\\/uploads\\\/2024\\\/06\\\/13IGC-Montreal-Logo2.png\",\"width\":735,\"height\":712,\"caption\":\"13ICG Montreal\"},\"image\":{\"@id\":\"https:\\\/\\\/www.13icg-montreal.org\\\/fr\\\/#\\\/schema\\\/logo\\\/image\\\/\"}}]}<\/script>\n<!-- \/ Yoast SEO plugin. -->","yoast_head_json":{"title":"Lieu - 13ICG Montreal","robots":{"index":"index","follow":"follow","max-snippet":"max-snippet:-1","max-image-preview":"max-image-preview:large","max-video-preview":"max-video-preview:-1"},"canonical":"https:\/\/www.13icg-montreal.org\/fr\/lieu-2\/","og_locale":"fr_FR","og_type":"article","og_title":"Lieu - 13ICG Montreal","og_description":"Le Centre des congr\u00e8s de Montr\u00e9al Le Palais des congr\u00e8s de Montr\u00e9al (Palais des congr\u00e8s de Montr\u00e9al) est r\u00e9guli\u00e8rement class\u00e9 parmi les meilleurs centres de congr\u00e8s des Am\u00e9riques ! Le Palais vous promet des \u00e9v\u00e9nements inoubliables avec la cr\u00e9ativit\u00e9, le sens de l&rsquo;exp\u00e9rience et le savoir-faire propres \u00e0 Montr\u00e9al. Il s&rsquo;agit \u00e9galement d&rsquo;une installation neutre&hellip;","og_url":"https:\/\/www.13icg-montreal.org\/fr\/lieu-2\/","og_site_name":"13ICG Montreal","article_modified_time":"2024-12-03T16:00:50+00:00","og_image":[{"url":"https:\/\/www.13icg-montreal.org\/wp-content\/uploads\/2024\/05\/Palais3.png","type":"","width":"","height":""}],"twitter_card":"summary_large_image","twitter_misc":{"Dur\u00e9e de lecture estim\u00e9e":"1 minute"},"schema":{"@context":"https:\/\/schema.org","@graph":[{"@type":"WebPage","@id":"https:\/\/www.13icg-montreal.org\/fr\/lieu-2\/","url":"https:\/\/www.13icg-montreal.org\/fr\/lieu-2\/","name":"Lieu - 13ICG Montreal","isPartOf":{"@id":"https:\/\/www.13icg-montreal.org\/fr\/#website"},"primaryImageOfPage":{"@id":"https:\/\/www.13icg-montreal.org\/fr\/lieu-2\/#primaryimage"},"image":{"@id":"https:\/\/www.13icg-montreal.org\/fr\/lieu-2\/#primaryimage"},"thumbnailUrl":"https:\/\/www.13icg-montreal.org\/wp-content\/uploads\/2024\/06\/favicon2.png","datePublished":"2024-12-03T15:58:06+00:00","dateModified":"2024-12-03T16:00:50+00:00","breadcrumb":{"@id":"https:\/\/www.13icg-montreal.org\/fr\/lieu-2\/#breadcrumb"},"inLanguage":"fr-FR","potentialAction":[{"@type":"ReadAction","target":["https:\/\/www.13icg-montreal.org\/fr\/lieu-2\/"]}]},{"@type":"ImageObject","inLanguage":"fr-FR","@id":"https:\/\/www.13icg-montreal.org\/fr\/lieu-2\/#primaryimage","url":"https:\/\/www.13icg-montreal.org\/wp-content\/uploads\/2024\/06\/favicon2.png","contentUrl":"https:\/\/www.13icg-montreal.org\/wp-content\/uploads\/2024\/06\/favicon2.png","width":595,"height":595,"caption":"13th International Conference on Gesoynthetics logo"},{"@type":"BreadcrumbList","@id":"https:\/\/www.13icg-montreal.org\/fr\/lieu-2\/#breadcrumb","itemListElement":[{"@type":"ListItem","position":1,"name":"Home","item":"https:\/\/www.13icg-montreal.org\/fr\/?page_id=248"},{"@type":"ListItem","position":2,"name":"Lieu"}]},{"@type":"WebSite","@id":"https:\/\/www.13icg-montreal.org\/fr\/#website","url":"https:\/\/www.13icg-montreal.org\/fr\/","name":"13ICG Montreal","description":"13th International Conference on Geosynthetics","publisher":{"@id":"https:\/\/www.13icg-montreal.org\/fr\/#organization"},"potentialAction":[{"@type":"SearchAction","target":{"@type":"EntryPoint","urlTemplate":"https:\/\/www.13icg-montreal.org\/fr\/?s={search_term_string}"},"query-input":{"@type":"PropertyValueSpecification","valueRequired":true,"valueName":"search_term_string"}}],"inLanguage":"fr-FR"},{"@type":"Organization","@id":"https:\/\/www.13icg-montreal.org\/fr\/#organization","name":"13ICG Montreal","url":"https:\/\/www.13icg-montreal.org\/fr\/","logo":{"@type":"ImageObject","inLanguage":"fr-FR","@id":"https:\/\/www.13icg-montreal.org\/fr\/#\/schema\/logo\/image\/","url":"https:\/\/www.13icg-montreal.org\/wp-content\/uploads\/2024\/06\/13IGC-Montreal-Logo2.png","contentUrl":"https:\/\/www.13icg-montreal.org\/wp-content\/uploads\/2024\/06\/13IGC-Montreal-Logo2.png","width":735,"height":712,"caption":"13ICG Montreal"},"image":{"@id":"https:\/\/www.13icg-montreal.org\/fr\/#\/schema\/logo\/image\/"}}]}},"featured_image_src":"https:\/\/www.13icg-montreal.org\/wp-content\/uploads\/2024\/06\/favicon2-595x400.png","featured_image_src_square":"https:\/\/www.13icg-montreal.org\/wp-content\/uploads\/2024\/06\/favicon2.png","_links":{"self":[{"href":"https:\/\/www.13icg-montreal.org\/fr\/wp-json\/wp\/v2\/pages\/290","targetHints":{"allow":["GET"]}}],"collection":[{"href":"https:\/\/www.13icg-montreal.org\/fr\/wp-json\/wp\/v2\/pages"}],"about":[{"href":"https:\/\/www.13icg-montreal.org\/fr\/wp-json\/wp\/v2\/types\/page"}],"author":[{"embeddable":true,"href":"https:\/\/www.13icg-montreal.org\/fr\/wp-json\/wp\/v2\/users\/2"}],"replies":[{"embeddable":true,"href":"https:\/\/www.13icg-montreal.org\/fr\/wp-json\/wp\/v2\/comments?post=290"}],"version-history":[{"count":0,"href":"https:\/\/www.13icg-montreal.org\/fr\/wp-json\/wp\/v2\/pages\/290\/revisions"}],"wp:featuredmedia":[{"embeddable":true,"href":"https:\/\/www.13icg-montreal.org\/fr\/wp-json\/wp\/v2\/media\/234"}],"wp:attachment":[{"href":"https:\/\/www.13icg-montreal.org\/fr\/wp-json\/wp\/v2\/media?parent=290"}],"curies":[{"name":"wp","href":"https:\/\/api.w.org\/{rel}","templated":true}]}}