{"id":266,"date":"2024-10-25T14:44:33","date_gmt":"2024-10-25T14:44:33","guid":{"rendered":"https:\/\/www.13icg-montreal.org\/?page_id=266"},"modified":"2024-10-25T14:47:46","modified_gmt":"2024-10-25T14:47:46","slug":"pourquoi-montreal-2","status":"publish","type":"page","link":"https:\/\/www.13icg-montreal.org\/fr\/pourquoi-montreal-2\/","title":{"rendered":"Pourquoi Montr\u00e9al"},"content":{"rendered":"\t\t<div data-elementor-type=\"wp-page\" data-elementor-id=\"266\" class=\"elementor elementor-266 elementor-265\" data-elementor-post-type=\"page\">\n\t\t\t\t\t\t<section class=\"elementor-section elementor-top-section elementor-element elementor-element-f1f25c5 elementor-section-height-min-height elementor-section-items-bottom elementor-section-boxed elementor-section-height-default\" data-id=\"f1f25c5\" data-element_type=\"section\" data-e-type=\"section\" data-settings=\"{&quot;background_background&quot;:&quot;classic&quot;}\">\n\t\t\t\t\t\t<div class=\"elementor-container elementor-column-gap-default\">\n\t\t\t\t\t<div class=\"elementor-column elementor-col-100 elementor-top-column elementor-element elementor-element-bf3c9ee\" data-id=\"bf3c9ee\" data-element_type=\"column\" data-e-type=\"column\">\n\t\t\t<div class=\"elementor-widget-wrap elementor-element-populated\">\n\t\t\t\t\t\t\t<\/div>\n\t\t<\/div>\n\t\t\t\t\t<\/div>\n\t\t<\/section>\n\t\t\t\t<section class=\"elementor-section elementor-top-section elementor-element elementor-element-7b3ff2a elementor-section-boxed elementor-section-height-default elementor-section-height-default\" data-id=\"7b3ff2a\" data-element_type=\"section\" data-e-type=\"section\">\n\t\t\t\t\t\t<div class=\"elementor-container elementor-column-gap-default\">\n\t\t\t\t\t<div class=\"elementor-column elementor-col-100 elementor-top-column elementor-element elementor-element-746a33f\" data-id=\"746a33f\" data-element_type=\"column\" data-e-type=\"column\">\n\t\t\t<div class=\"elementor-widget-wrap elementor-element-populated\">\n\t\t\t\t\t\t<section class=\"elementor-section elementor-inner-section elementor-element elementor-element-303496b elementor-section-boxed elementor-section-height-default elementor-section-height-default\" data-id=\"303496b\" data-element_type=\"section\" data-e-type=\"section\">\n\t\t\t\t\t\t<div class=\"elementor-container elementor-column-gap-default\">\n\t\t\t\t\t<div class=\"elementor-column elementor-col-50 elementor-inner-column elementor-element elementor-element-5df614e\" data-id=\"5df614e\" data-element_type=\"column\" data-e-type=\"column\">\n\t\t\t<div class=\"elementor-widget-wrap elementor-element-populated\">\n\t\t\t\t\t\t<div class=\"elementor-element elementor-element-d2603c7 elementor-widget elementor-widget-text-editor\" data-id=\"d2603c7\" data-element_type=\"widget\" data-e-type=\"widget\" data-widget_type=\"text-editor.default\">\n\t\t\t\t<div class=\"elementor-widget-container\">\n\t\t\t\t\t\t\t\t\t<h3>MONTR\u00c9AL EST&#8230;<\/h3>\n<p><strong>S\u00fbr<\/strong><br \/>Constamment class\u00e9e parmi les 5 villes les plus s\u00fbres d&rsquo;Am\u00e9rique du Nord.<\/p>\n<p><b>Un climat invitant<\/b><br \/><span style=\"color: var( --e-global-color-text ); font-family: var( --e-global-typography-text-font-family ), Sans-serif; font-weight: var( --e-global-typography-text-font-weight ); background-color: rgba(255, 255, 255, 0); letter-spacing: var(--the7-base-letter-spacing); text-transform: var(--the7-base-text-transform); word-spacing: normal;\">Septembre Moyenne : <\/span><span style=\"color: var( --e-global-color-text ); font-family: var( --e-global-typography-text-font-family ), Sans-serif; font-weight: var( --e-global-typography-text-font-weight ); background-color: rgba(255, 255, 255, 0); letter-spacing: var(--the7-base-letter-spacing); text-transform: var(--the7-base-text-transform); word-spacing: normal;\">20\u00b0C | 68\u00b0F <\/span> <\/p>\n<p><b>Faible co\u00fbt<br \/><\/b>Co\u00fbt de la vie dans les 25 % les plus bas par rapport \u00e0 200 autres villes internationales.<\/p>\n<p><b>Diversit\u00e9<br \/><\/b>Montr\u00e9al est une ville multilingue, pr\u00e8s de 60 % de la population parlant \u00e0 la fois le fran\u00e7ais et l&rsquo;anglais. Environ 30 % des habitants de la ville parlent r\u00e9guli\u00e8rement d&rsquo;autres langues, notamment l&rsquo;espagnol, l&rsquo;italien, l&rsquo;arabe et le mandarin.<\/p>\n\t\t\t\t\t\t\t\t<\/div>\n\t\t\t\t<\/div>\n\t\t\t\t\t<\/div>\n\t\t<\/div>\n\t\t\t\t<div class=\"elementor-column elementor-col-50 elementor-inner-column elementor-element elementor-element-e391d9e\" data-id=\"e391d9e\" data-element_type=\"column\" data-e-type=\"column\">\n\t\t\t<div class=\"elementor-widget-wrap elementor-element-populated\">\n\t\t\t\t\t\t<div class=\"elementor-element elementor-element-18f9b50 elementor-widget elementor-widget-text-editor\" data-id=\"18f9b50\" data-element_type=\"widget\" data-e-type=\"widget\" data-widget_type=\"text-editor.default\">\n\t\t\t\t<div class=\"elementor-widget-container\">\n\t\t\t\t\t\t\t\t\t<h3 style=\"margin-bottom: var(--the7-h3-spacing); color: #7a7a7a; font-style: normal; font-variant-ligatures: normal; font-variant-caps: normal; line-height: var(--the7-h3-line-height); text-transform: none; letter-spacing: normal; word-spacing: 0px; text-decoration-thickness: initial; text-decoration-style: initial; text-decoration-color: initial;\"><span style=\"color: var( --e-global-color-text ); background-color: rgba(255, 255, 255, 0); letter-spacing: var(--the7-base-letter-spacing); text-transform: var(--the7-base-text-transform); word-spacing: normal;\">&#8230; ET FACILE D&rsquo;ACC\u00c8S<\/span><\/h3>\n<p><span style=\"color: var( --e-global-color-text ); font-family: var( --e-global-typography-text-font-family ), Sans-serif; background-color: rgba(255, 255, 255, 0); letter-spacing: var(--the7-base-letter-spacing); text-transform: var(--the7-base-text-transform); word-spacing: normal;\"><b>600<br \/><\/b><\/span><span style=\"color: var( --e-global-color-text ); font-family: var( --e-global-typography-text-font-family ), Sans-serif; font-weight: var( --e-global-typography-text-font-weight ); background-color: rgba(255, 255, 255, 0); letter-spacing: var(--the7-base-letter-spacing); text-transform: var(--the7-base-text-transform); word-spacing: normal;\">Vols quotidiens<\/span><\/p>\n<p><span style=\"font-weight: bold;\">150<\/span><br \/>Vols directs vers\/depuis d&rsquo;autres villes<\/p>\n<p><b>35<\/b><br \/>Compagnies a\u00e9riennes desservant Montr\u00e9al<\/p>\n<p><b>Plates-formes ferroviaires<\/b><br \/>Acc\u00e8s direct et rapide par train depuis le Canada et les \u00c9tats-Unis<\/p>\n<p><strong>M\u00e9tro l\u00e9ger<\/strong><br \/>Un transport direct et rapide entre le centre-ville et l&rsquo;a\u00e9roport international est propos\u00e9 toutes les 10 minutes aux heures de pointe et toutes les 15 minutes aux heures creuses.<\/p>\n\t\t\t\t\t\t\t\t<\/div>\n\t\t\t\t<\/div>\n\t\t\t\t\t<\/div>\n\t\t<\/div>\n\t\t\t\t\t<\/div>\n\t\t<\/section>\n\t\t\t\t\t<\/div>\n\t\t<\/div>\n\t\t\t\t\t<\/div>\n\t\t<\/section>\n\t\t\t\t<section class=\"elementor-section elementor-top-section elementor-element elementor-element-24065a7 elementor-section-boxed elementor-section-height-default elementor-section-height-default\" data-id=\"24065a7\" data-element_type=\"section\" data-e-type=\"section\">\n\t\t\t\t\t\t<div class=\"elementor-container elementor-column-gap-default\">\n\t\t\t\t\t<div class=\"elementor-column elementor-col-100 elementor-top-column elementor-element elementor-element-817e078\" data-id=\"817e078\" data-element_type=\"column\" data-e-type=\"column\">\n\t\t\t<div class=\"elementor-widget-wrap elementor-element-populated\">\n\t\t\t\t\t\t<div class=\"elementor-element elementor-element-b3b55c0 elementor-widget elementor-widget-video\" data-id=\"b3b55c0\" data-element_type=\"widget\" data-e-type=\"widget\" data-settings=\"{&quot;youtube_url&quot;:&quot;https:\\\/\\\/youtu.be\\\/68tZsU4xyUI?feature=shared&quot;,&quot;video_type&quot;:&quot;youtube&quot;,&quot;controls&quot;:&quot;yes&quot;}\" data-widget_type=\"video.default\">\n\t\t\t\t<div class=\"elementor-widget-container\">\n\t\t\t\t\t\t\t<div class=\"elementor-wrapper elementor-open-inline\">\n\t\t\t<div class=\"elementor-video\"><\/div>\t\t<\/div>\n\t\t\t\t\t\t<\/div>\n\t\t\t\t<\/div>\n\t\t\t\t\t<\/div>\n\t\t<\/div>\n\t\t\t\t\t<\/div>\n\t\t<\/section>\n\t\t\t\t<section class=\"elementor-section elementor-top-section elementor-element elementor-element-7785de2 elementor-section-boxed elementor-section-height-default elementor-section-height-default\" data-id=\"7785de2\" data-element_type=\"section\" data-e-type=\"section\">\n\t\t\t\t\t\t<div class=\"elementor-container elementor-column-gap-default\">\n\t\t\t\t\t<div class=\"elementor-column elementor-col-100 elementor-top-column elementor-element elementor-element-915653b\" data-id=\"915653b\" data-element_type=\"column\" data-e-type=\"column\">\n\t\t\t<div class=\"elementor-widget-wrap elementor-element-populated\">\n\t\t\t\t\t\t<div class=\"elementor-element elementor-element-04269cc elementor-widget elementor-widget-text-editor\" data-id=\"04269cc\" data-element_type=\"widget\" data-e-type=\"widget\" data-widget_type=\"text-editor.default\">\n\t\t\t\t<div class=\"elementor-widget-container\">\n\t\t\t\t\t\t\t\t\t<p>La Soci\u00e9t\u00e9 <a href=\"https:\/\/www.geosyntheticssociety.org\"><b>Soci\u00e9t\u00e9 internationale des g\u00e9osynth\u00e9tiques<\/b><\/a> (IGS) organise tous les quatre ans une conf\u00e9rence internationale sur les g\u00e9osynth\u00e9tiques. Le 13e GIC se tiendra en Am\u00e9rique du Nord pour la premi\u00e8re fois depuis 1998. Ce sera la premi\u00e8re fois que le GIC se rendra au Canada.<\/p>\n<h5>Pr\u00e9c\u00e9dents GIC<\/h5>\n<ul>\n<li>1977 &#8211; Paris, France (1 ICG)<\/li>\n<li>1982 &#8211; Las Vegas, \u00c9tats-Unis (2 ICG)<\/li>\n<li>1986 &#8211; Vienne, Autriche (3 ICG)<\/li>\n<li>1990 &#8211; La Haye, Pays-Bas (4 GIC)<\/li>\n<li>1996 &#8211; Singapour (5 ICG)<\/li>\n<li>1998 &#8211; Atlanta, \u00c9tats-Unis (6 ICG)<\/li>\n<li>2002 &#8211; Nice, France (7 ICG)<\/li>\n<li>2006 &#8211; Yokohama, Japon (8 ICG)<\/li>\n<li>2010 &#8211; Guaruj\u00e1, Br\u00e9sil (9 ICG)<\/li>\n<li>2014 &#8211; Berlin, Allemagne (10 ICG)<\/li>\n<li>2018 &#8211; S\u00e9oul, Cor\u00e9e du Sud (11 ICG)<\/li>\n<li>2023 &#8211; Rome, Italie (12 GIC)<\/li>\n<\/ul>\n\t\t\t\t\t\t\t\t<\/div>\n\t\t\t\t<\/div>\n\t\t\t\t\t<\/div>\n\t\t<\/div>\n\t\t\t\t\t<\/div>\n\t\t<\/section>\n\t\t\t\t<\/div>\n\t\t","protected":false},"excerpt":{"rendered":"<p>MONTR\u00c9AL EST&#8230; S\u00fbrConstamment class\u00e9e parmi les 5 villes les plus s\u00fbres d&rsquo;Am\u00e9rique du Nord. Un climat invitantSeptembre Moyenne : 20\u00b0C | 68\u00b0F Faible co\u00fbtCo\u00fbt de la vie dans les 25 % les plus bas par rapport \u00e0 200 autres villes internationales. Diversit\u00e9Montr\u00e9al est une ville multilingue, pr\u00e8s de 60 % de la population parlant \u00e0&hellip;<\/p>\n","protected":false},"author":2,"featured_media":234,"parent":0,"menu_order":0,"comment_status":"closed","ping_status":"closed","template":"elementor_header_footer","meta":{"footnotes":""},"class_list":["post-266","page","type-page","status-publish","has-post-thumbnail","hentry"],"yoast_head":"<!-- This site is optimized with the Yoast SEO plugin v27.3 - https:\/\/yoast.com\/product\/yoast-seo-wordpress\/ -->\n<title>Pourquoi Montr\u00e9al - 13ICG Montreal<\/title>\n<meta name=\"description\" content=\"Montr\u00e9al est une ville multilingue, pr\u00e8s de 60 % de la population parlant \u00e0 la fois le fran\u00e7ais et l&#039;anglais. Environ 30 % des habitants de la ville\" \/>\n<meta name=\"robots\" content=\"index, follow, max-snippet:-1, max-image-preview:large, max-video-preview:-1\" \/>\n<link rel=\"canonical\" href=\"https:\/\/www.13icg-montreal.org\/fr\/pourquoi-montreal-2\/\" \/>\n<meta property=\"og:locale\" content=\"fr_FR\" \/>\n<meta property=\"og:type\" content=\"article\" \/>\n<meta property=\"og:title\" content=\"Pourquoi Montr\u00e9al - 13ICG Montreal\" \/>\n<meta property=\"og:description\" content=\"Montr\u00e9al est une ville multilingue, pr\u00e8s de 60 % de la population parlant \u00e0 la fois le fran\u00e7ais et l&#039;anglais. Environ 30 % des habitants de la ville\" \/>\n<meta property=\"og:url\" content=\"https:\/\/www.13icg-montreal.org\/fr\/pourquoi-montreal-2\/\" \/>\n<meta property=\"og:site_name\" content=\"13ICG Montreal\" \/>\n<meta property=\"article:modified_time\" content=\"2024-10-25T14:47:46+00:00\" \/>\n<meta name=\"twitter:card\" content=\"summary_large_image\" \/>\n<meta name=\"twitter:label1\" content=\"Dur\u00e9e de lecture estim\u00e9e\" \/>\n\t<meta name=\"twitter:data1\" content=\"1 minute\" \/>\n<script type=\"application\/ld+json\" class=\"yoast-schema-graph\">{\"@context\":\"https:\\\/\\\/schema.org\",\"@graph\":[{\"@type\":\"WebPage\",\"@id\":\"https:\\\/\\\/www.13icg-montreal.org\\\/fr\\\/pourquoi-montreal-2\\\/\",\"url\":\"https:\\\/\\\/www.13icg-montreal.org\\\/fr\\\/pourquoi-montreal-2\\\/\",\"name\":\"Pourquoi Montr\u00e9al - 13ICG Montreal\",\"isPartOf\":{\"@id\":\"https:\\\/\\\/www.13icg-montreal.org\\\/fr\\\/#website\"},\"primaryImageOfPage\":{\"@id\":\"https:\\\/\\\/www.13icg-montreal.org\\\/fr\\\/pourquoi-montreal-2\\\/#primaryimage\"},\"image\":{\"@id\":\"https:\\\/\\\/www.13icg-montreal.org\\\/fr\\\/pourquoi-montreal-2\\\/#primaryimage\"},\"thumbnailUrl\":\"https:\\\/\\\/www.13icg-montreal.org\\\/wp-content\\\/uploads\\\/2024\\\/06\\\/favicon2.png\",\"datePublished\":\"2024-10-25T14:44:33+00:00\",\"dateModified\":\"2024-10-25T14:47:46+00:00\",\"description\":\"Montr\u00e9al est une ville multilingue, pr\u00e8s de 60 % de la population parlant \u00e0 la fois le fran\u00e7ais et l'anglais. Environ 30 % des habitants de la ville\",\"breadcrumb\":{\"@id\":\"https:\\\/\\\/www.13icg-montreal.org\\\/fr\\\/pourquoi-montreal-2\\\/#breadcrumb\"},\"inLanguage\":\"fr-FR\",\"potentialAction\":[{\"@type\":\"ReadAction\",\"target\":[\"https:\\\/\\\/www.13icg-montreal.org\\\/fr\\\/pourquoi-montreal-2\\\/\"]}]},{\"@type\":\"ImageObject\",\"inLanguage\":\"fr-FR\",\"@id\":\"https:\\\/\\\/www.13icg-montreal.org\\\/fr\\\/pourquoi-montreal-2\\\/#primaryimage\",\"url\":\"https:\\\/\\\/www.13icg-montreal.org\\\/wp-content\\\/uploads\\\/2024\\\/06\\\/favicon2.png\",\"contentUrl\":\"https:\\\/\\\/www.13icg-montreal.org\\\/wp-content\\\/uploads\\\/2024\\\/06\\\/favicon2.png\",\"width\":595,\"height\":595,\"caption\":\"13th International Conference on Gesoynthetics logo\"},{\"@type\":\"BreadcrumbList\",\"@id\":\"https:\\\/\\\/www.13icg-montreal.org\\\/fr\\\/pourquoi-montreal-2\\\/#breadcrumb\",\"itemListElement\":[{\"@type\":\"ListItem\",\"position\":1,\"name\":\"Home\",\"item\":\"https:\\\/\\\/www.13icg-montreal.org\\\/fr\\\/?page_id=248\"},{\"@type\":\"ListItem\",\"position\":2,\"name\":\"Pourquoi Montr\u00e9al\"}]},{\"@type\":\"WebSite\",\"@id\":\"https:\\\/\\\/www.13icg-montreal.org\\\/fr\\\/#website\",\"url\":\"https:\\\/\\\/www.13icg-montreal.org\\\/fr\\\/\",\"name\":\"13ICG Montreal\",\"description\":\"13th International Conference on Geosynthetics\",\"publisher\":{\"@id\":\"https:\\\/\\\/www.13icg-montreal.org\\\/fr\\\/#organization\"},\"potentialAction\":[{\"@type\":\"SearchAction\",\"target\":{\"@type\":\"EntryPoint\",\"urlTemplate\":\"https:\\\/\\\/www.13icg-montreal.org\\\/fr\\\/?s={search_term_string}\"},\"query-input\":{\"@type\":\"PropertyValueSpecification\",\"valueRequired\":true,\"valueName\":\"search_term_string\"}}],\"inLanguage\":\"fr-FR\"},{\"@type\":\"Organization\",\"@id\":\"https:\\\/\\\/www.13icg-montreal.org\\\/fr\\\/#organization\",\"name\":\"13ICG Montreal\",\"url\":\"https:\\\/\\\/www.13icg-montreal.org\\\/fr\\\/\",\"logo\":{\"@type\":\"ImageObject\",\"inLanguage\":\"fr-FR\",\"@id\":\"https:\\\/\\\/www.13icg-montreal.org\\\/fr\\\/#\\\/schema\\\/logo\\\/image\\\/\",\"url\":\"https:\\\/\\\/www.13icg-montreal.org\\\/wp-content\\\/uploads\\\/2024\\\/06\\\/13IGC-Montreal-Logo2.png\",\"contentUrl\":\"https:\\\/\\\/www.13icg-montreal.org\\\/wp-content\\\/uploads\\\/2024\\\/06\\\/13IGC-Montreal-Logo2.png\",\"width\":735,\"height\":712,\"caption\":\"13ICG Montreal\"},\"image\":{\"@id\":\"https:\\\/\\\/www.13icg-montreal.org\\\/fr\\\/#\\\/schema\\\/logo\\\/image\\\/\"}}]}<\/script>\n<!-- \/ Yoast SEO plugin. -->","yoast_head_json":{"title":"Pourquoi Montr\u00e9al - 13ICG Montreal","description":"Montr\u00e9al est une ville multilingue, pr\u00e8s de 60 % de la population parlant \u00e0 la fois le fran\u00e7ais et l'anglais. Environ 30 % des habitants de la ville","robots":{"index":"index","follow":"follow","max-snippet":"max-snippet:-1","max-image-preview":"max-image-preview:large","max-video-preview":"max-video-preview:-1"},"canonical":"https:\/\/www.13icg-montreal.org\/fr\/pourquoi-montreal-2\/","og_locale":"fr_FR","og_type":"article","og_title":"Pourquoi Montr\u00e9al - 13ICG Montreal","og_description":"Montr\u00e9al est une ville multilingue, pr\u00e8s de 60 % de la population parlant \u00e0 la fois le fran\u00e7ais et l'anglais. Environ 30 % des habitants de la ville","og_url":"https:\/\/www.13icg-montreal.org\/fr\/pourquoi-montreal-2\/","og_site_name":"13ICG Montreal","article_modified_time":"2024-10-25T14:47:46+00:00","twitter_card":"summary_large_image","twitter_misc":{"Dur\u00e9e de lecture estim\u00e9e":"1 minute"},"schema":{"@context":"https:\/\/schema.org","@graph":[{"@type":"WebPage","@id":"https:\/\/www.13icg-montreal.org\/fr\/pourquoi-montreal-2\/","url":"https:\/\/www.13icg-montreal.org\/fr\/pourquoi-montreal-2\/","name":"Pourquoi Montr\u00e9al - 13ICG Montreal","isPartOf":{"@id":"https:\/\/www.13icg-montreal.org\/fr\/#website"},"primaryImageOfPage":{"@id":"https:\/\/www.13icg-montreal.org\/fr\/pourquoi-montreal-2\/#primaryimage"},"image":{"@id":"https:\/\/www.13icg-montreal.org\/fr\/pourquoi-montreal-2\/#primaryimage"},"thumbnailUrl":"https:\/\/www.13icg-montreal.org\/wp-content\/uploads\/2024\/06\/favicon2.png","datePublished":"2024-10-25T14:44:33+00:00","dateModified":"2024-10-25T14:47:46+00:00","description":"Montr\u00e9al est une ville multilingue, pr\u00e8s de 60 % de la population parlant \u00e0 la fois le fran\u00e7ais et l'anglais. Environ 30 % des habitants de la ville","breadcrumb":{"@id":"https:\/\/www.13icg-montreal.org\/fr\/pourquoi-montreal-2\/#breadcrumb"},"inLanguage":"fr-FR","potentialAction":[{"@type":"ReadAction","target":["https:\/\/www.13icg-montreal.org\/fr\/pourquoi-montreal-2\/"]}]},{"@type":"ImageObject","inLanguage":"fr-FR","@id":"https:\/\/www.13icg-montreal.org\/fr\/pourquoi-montreal-2\/#primaryimage","url":"https:\/\/www.13icg-montreal.org\/wp-content\/uploads\/2024\/06\/favicon2.png","contentUrl":"https:\/\/www.13icg-montreal.org\/wp-content\/uploads\/2024\/06\/favicon2.png","width":595,"height":595,"caption":"13th International Conference on Gesoynthetics logo"},{"@type":"BreadcrumbList","@id":"https:\/\/www.13icg-montreal.org\/fr\/pourquoi-montreal-2\/#breadcrumb","itemListElement":[{"@type":"ListItem","position":1,"name":"Home","item":"https:\/\/www.13icg-montreal.org\/fr\/?page_id=248"},{"@type":"ListItem","position":2,"name":"Pourquoi Montr\u00e9al"}]},{"@type":"WebSite","@id":"https:\/\/www.13icg-montreal.org\/fr\/#website","url":"https:\/\/www.13icg-montreal.org\/fr\/","name":"13ICG Montreal","description":"13th International Conference on Geosynthetics","publisher":{"@id":"https:\/\/www.13icg-montreal.org\/fr\/#organization"},"potentialAction":[{"@type":"SearchAction","target":{"@type":"EntryPoint","urlTemplate":"https:\/\/www.13icg-montreal.org\/fr\/?s={search_term_string}"},"query-input":{"@type":"PropertyValueSpecification","valueRequired":true,"valueName":"search_term_string"}}],"inLanguage":"fr-FR"},{"@type":"Organization","@id":"https:\/\/www.13icg-montreal.org\/fr\/#organization","name":"13ICG Montreal","url":"https:\/\/www.13icg-montreal.org\/fr\/","logo":{"@type":"ImageObject","inLanguage":"fr-FR","@id":"https:\/\/www.13icg-montreal.org\/fr\/#\/schema\/logo\/image\/","url":"https:\/\/www.13icg-montreal.org\/wp-content\/uploads\/2024\/06\/13IGC-Montreal-Logo2.png","contentUrl":"https:\/\/www.13icg-montreal.org\/wp-content\/uploads\/2024\/06\/13IGC-Montreal-Logo2.png","width":735,"height":712,"caption":"13ICG Montreal"},"image":{"@id":"https:\/\/www.13icg-montreal.org\/fr\/#\/schema\/logo\/image\/"}}]}},"featured_image_src":"https:\/\/www.13icg-montreal.org\/wp-content\/uploads\/2024\/06\/favicon2-595x400.png","featured_image_src_square":"https:\/\/www.13icg-montreal.org\/wp-content\/uploads\/2024\/06\/favicon2.png","_links":{"self":[{"href":"https:\/\/www.13icg-montreal.org\/fr\/wp-json\/wp\/v2\/pages\/266","targetHints":{"allow":["GET"]}}],"collection":[{"href":"https:\/\/www.13icg-montreal.org\/fr\/wp-json\/wp\/v2\/pages"}],"about":[{"href":"https:\/\/www.13icg-montreal.org\/fr\/wp-json\/wp\/v2\/types\/page"}],"author":[{"embeddable":true,"href":"https:\/\/www.13icg-montreal.org\/fr\/wp-json\/wp\/v2\/users\/2"}],"replies":[{"embeddable":true,"href":"https:\/\/www.13icg-montreal.org\/fr\/wp-json\/wp\/v2\/comments?post=266"}],"version-history":[{"count":0,"href":"https:\/\/www.13icg-montreal.org\/fr\/wp-json\/wp\/v2\/pages\/266\/revisions"}],"wp:featuredmedia":[{"embeddable":true,"href":"https:\/\/www.13icg-montreal.org\/fr\/wp-json\/wp\/v2\/media\/234"}],"wp:attachment":[{"href":"https:\/\/www.13icg-montreal.org\/fr\/wp-json\/wp\/v2\/media?parent=266"}],"curies":[{"name":"wp","href":"https:\/\/api.w.org\/{rel}","templated":true}]}}